{"id":10177,"date":"2024-01-25T14:38:09","date_gmt":"2024-01-25T12:38:09","guid":{"rendered":"http:\/\/www.scbournak.cz\/?page_id=10177"},"modified":"2024-11-23T11:39:40","modified_gmt":"2024-11-23T09:39:40","slug":"kamera-hrobska-horni","status":"publish","type":"page","link":"https:\/\/www.scbournak.cz\/index.php\/kamery\/kamera-hrobska-horni\/","title":{"rendered":"Kamera Bou\u0159\u0148\u00e1k, Hrobsk\u00e1 sjezdovka vlek v\u00fdstup"},"content":{"rendered":"\n<div style=\"padding-bottom: 10px; text-align:center;\">\n<div class=\"title-subtile-holder\">\n<h1 class=\"section-title dark_title\">Bou\u0159\u0148\u00e1k, Hrobsk\u00e1 sjezdovka vlek v\u00fdstup<\/h1>\n<div class=\"section-border dark_border\"><\/div>\n<div style=\"width: 100%; padding: 10px 0px 10px 0px;\">\n <iframe width=\"640\" height=\"360\" class=\"responsive-iframe\" scrolling=\"no\" src=\"https:\/\/rtmp-live.cz:8443\/cameras\/SkiBournak\/cam14.html\" frameborder=\"0\" allowfullscreen=\"\"><\/iframe>\n<\/div>\n<div>\n <a href=\"https:\/\/www.scbournak.cz\/index.php\/kamera-hrobska-dolni\/\"><i class=\"fa fa-step-backward\"><\/i> <strong>P\u0159edchoz\u00ed kamera<\/strong><\/a> |\n <a href=\"https:\/\/www.scbournak.cz\/index.php\/kamera-slalomak\/\"><strong>Dal\u0161\u00ed kamera<\/strong> <i class=\"fa fa-step-forward\"><\/i><\/a>\n<\/div>\n<\/div>\n<\/div>\n\n\n\n<p><\/p>\n","protected":false},"excerpt":{"rendered":"<p>Bou\u0159\u0148\u00e1k, Hrobsk\u00e1 sjezdovka vlek v\u00fdstup P\u0159edchoz\u00ed kamera | Dal\u0161\u00ed kamera<\/p>\n","protected":false},"author":1,"featured_media":0,"parent":8825,"menu_order":0,"comment_status":"closed","ping_status":"closed","template":"","meta":{"ngg_post_thumbnail":0},"_links":{"self":[{"href":"https:\/\/www.scbournak.cz\/index.php\/wp-json\/wp\/v2\/pages\/10177"}],"collection":[{"href":"https:\/\/www.scbournak.cz\/index.php\/wp-json\/wp\/v2\/pages"}],"about":[{"href":"https:\/\/www.scbournak.cz\/index.php\/wp-json\/wp\/v2\/types\/page"}],"author":[{"embeddable":true,"href":"https:\/\/www.scbournak.cz\/index.php\/wp-json\/wp\/v2\/users\/1"}],"replies":[{"embeddable":true,"href":"https:\/\/www.scbournak.cz\/index.php\/wp-json\/wp\/v2\/comments?post=10177"}],"version-history":[{"count":5,"href":"https:\/\/www.scbournak.cz\/index.php\/wp-json\/wp\/v2\/pages\/10177\/revisions"}],"predecessor-version":[{"id":10264,"href":"https:\/\/www.scbournak.cz\/index.php\/wp-json\/wp\/v2\/pages\/10177\/revisions\/10264"}],"up":[{"embeddable":true,"href":"https:\/\/www.scbournak.cz\/index.php\/wp-json\/wp\/v2\/pages\/8825"}],"wp:attachment":[{"href":"https:\/\/www.scbournak.cz\/index.php\/wp-json\/wp\/v2\/media?parent=10177"}],"curies":[{"name":"wp","href":"https:\/\/api.w.org\/{rel}","templated":true}]}}