{"id":10228,"date":"2024-11-13T01:32:34","date_gmt":"2024-11-12T23:32:34","guid":{"rendered":"http:\/\/www.scbournak.cz\/?page_id=10228"},"modified":"2024-12-01T18:54:15","modified_gmt":"2024-12-01T16:54:15","slug":"pujcovna-lyzi","status":"publish","type":"page","link":"https:\/\/www.scbournak.cz\/index.php\/pujcovna-lyzi\/","title":{"rendered":"P\u016fj\u010dovna ly\u017e\u00ed"},"content":{"rendered":"<p>[vc_row][vc_column]<div class=\"title-subtile-holder\"><h1 class=\"section-title dark_title\">P\u016fj\u010dovna ly\u017e\u00ed<\/h1><div class=\"section-border dark_border\"><\/div><div class=\"section-subtitle dark_subtitle\"><\/div><\/div>[vc_column_text]<\/p>\n<p style=\"text-align: justify;\">P\u016fj\u010dovna a servis ly\u017e\u00ed <strong>SCB Ski Rental and Service<\/strong> se nach\u00e1z\u00ed p\u0159\u00edmo pod slalom\u00e1kem v kr\u00e1sn\u00e9m prost\u0159ed\u00ed Mikulova a nab\u00edz\u00ed v\u0161e, co pot\u0159ebujete pro perfektn\u00ed den na svahu. V na\u0161\u00ed p\u016fj\u010dovn\u011b najdete \u0161irok\u00fd v\u00fdb\u011br ly\u017e\u00ed, snowboard\u016f a dal\u0161\u00edho vybaven\u00ed pro ly\u017ea\u0159e v\u0161ech \u00farovn\u00ed \u2013 od za\u010d\u00e1te\u010dn\u00edk\u016f a\u017e po pokro\u010dil\u00e9 sportovce. V\u011bnujeme se tak\u00e9 profesion\u00e1ln\u00edmu servisu, kter\u00fd zahrnuje brou\u0161en\u00ed hran, opravy skluznic a kompletn\u00ed p\u0159\u00edpravu ly\u017e\u00ed na sez\u00f3nu. D\u00edky kvalitn\u00edmu vybaven\u00ed a \u0161pi\u010dkov\u00e9mu servisu v\u00e1m pom\u016f\u017eeme u\u017e\u00edt si ly\u017eov\u00e1n\u00ed na maximum. Nav\u0161tivte n\u00e1s a p\u0159esv\u011bd\u010dte se sami!<\/p>\n<p>[\/vc_column_text][vc_column_text]&nbsp;<\/p>\n<p style=\"text-align: justify;\">V\u00edce up\u0159es\u0148uj\u00edc\u00edch informac\u00ed najdete na facebooku <a href=\"https:\/\/www.facebook.com\/profile.php?id=100088047582314\">SCB Ski Rental and Service<\/a>.<\/p>\n<p>[\/vc_column_text][\/vc_column][\/vc_row][vc_row disable_element=&#8221;yes&#8221;][vc_column][\/vc_column][\/vc_row][vc_row][vc_column][vc_single_image image=&#8221;10294&#8243; img_size=&#8221;full&#8221; alignment=&#8221;center&#8221; onclick=&#8221;custom_link&#8221; img_link_target=&#8221;_blank&#8221; link=&#8221;https:\/\/www.facebook.com\/profile.php?id=100088047582314&#8243;][\/vc_column][\/vc_row][vc_row equal_height=&#8221;yes&#8221;][vc_column width=&#8221;1\/3&#8243;][vc_single_image image=&#8221;10314&#8243; img_size=&#8221;full&#8221;][\/vc_column][vc_column width=&#8221;1\/3&#8243;][vc_single_image image=&#8221;10318&#8243; img_size=&#8221;full&#8221;][\/vc_column][vc_column width=&#8221;1\/3&#8243;][vc_single_image image=&#8221;10246&#8243; img_size=&#8221;full&#8221;][\/vc_column][\/vc_row][vc_row equal_height=&#8221;yes&#8221;][vc_column width=&#8221;1\/3&#8243;][vc_single_image image=&#8221;10245&#8243; img_size=&#8221;full&#8221;][\/vc_column][vc_column width=&#8221;1\/3&#8243;][vc_single_image image=&#8221;10244&#8243; img_size=&#8221;full&#8221;][\/vc_column][vc_column width=&#8221;1\/3&#8243;][vc_single_image image=&#8221;10243&#8243; img_size=&#8221;full&#8221;][\/vc_column][\/vc_row]<\/p>\n","protected":false},"excerpt":{"rendered":"<p>[vc_row][vc_column][vc_column_text] P\u016fj\u010dovna a servis ly\u017e\u00ed SCB Ski Rental and Service se nach\u00e1z\u00ed p\u0159\u00edmo pod slalom\u00e1kem v kr\u00e1sn\u00e9m prost\u0159ed\u00ed Mikulova a nab\u00edz\u00ed v\u0161e, co pot\u0159ebujete pro perfektn\u00ed den na svahu. V na\u0161\u00ed p\u016fj\u010dovn\u011b najdete \u0161irok\u00fd v\u00fdb\u011br ly\u017e\u00ed, snowboard\u016f a dal\u0161\u00edho vybaven\u00ed pro ly\u017ea\u0159e v\u0161ech \u00farovn\u00ed \u2013 od za\u010d\u00e1te\u010dn\u00edk\u016f a\u017e po pokro\u010dil\u00e9 sportovce. V\u011bnujeme se tak\u00e9 profesion\u00e1ln\u00edmu [&hellip;]<\/p>\n","protected":false},"author":1,"featured_media":0,"parent":0,"menu_order":0,"comment_status":"closed","ping_status":"closed","template":"","meta":{"ngg_post_thumbnail":0},"_links":{"self":[{"href":"https:\/\/www.scbournak.cz\/index.php\/wp-json\/wp\/v2\/pages\/10228"}],"collection":[{"href":"https:\/\/www.scbournak.cz\/index.php\/wp-json\/wp\/v2\/pages"}],"about":[{"href":"https:\/\/www.scbournak.cz\/index.php\/wp-json\/wp\/v2\/types\/page"}],"author":[{"embeddable":true,"href":"https:\/\/www.scbournak.cz\/index.php\/wp-json\/wp\/v2\/users\/1"}],"replies":[{"embeddable":true,"href":"https:\/\/www.scbournak.cz\/index.php\/wp-json\/wp\/v2\/comments?post=10228"}],"version-history":[{"count":39,"href":"https:\/\/www.scbournak.cz\/index.php\/wp-json\/wp\/v2\/pages\/10228\/revisions"}],"predecessor-version":[{"id":10323,"href":"https:\/\/www.scbournak.cz\/index.php\/wp-json\/wp\/v2\/pages\/10228\/revisions\/10323"}],"wp:attachment":[{"href":"https:\/\/www.scbournak.cz\/index.php\/wp-json\/wp\/v2\/media?parent=10228"}],"curies":[{"name":"wp","href":"https:\/\/api.w.org\/{rel}","templated":true}]}}