{"id":15,"date":"2020-10-26T14:47:38","date_gmt":"2020-10-26T12:47:38","guid":{"rendered":"http:\/\/scbournak2.propc.cz\/?page_id=15"},"modified":"2025-11-28T14:42:44","modified_gmt":"2025-11-28T12:42:44","slug":"dalsi-informace","status":"publish","type":"page","link":"https:\/\/www.scbournak.cz\/index.php\/dalsi-informace\/","title":{"rendered":"Dal\u0161\u00ed Informace"},"content":{"rendered":"<p>[vc_row][vc_column]<div class=\"title-subtile-holder\"><h1 class=\"section-title dark_title\">Dal\u0161\u00ed informace<\/h1><div class=\"section-border dark_border\"><\/div><div class=\"section-subtitle dark_subtitle\"><\/div><\/div>[vc_column_text]<\/p>\n<p>Zaj\u00edm\u00e1 V\u00e1s, jak\u00fdm sm\u011brem se Sport Centrum Bou\u0159\u0148\u00e1k ub\u00edr\u00e1?<\/p>\n<p>V na\u0161\u00ed aktu\u00e1ln\u00ed V\u00fdro\u010dn\u00ed zpr\u00e1v\u011b za uplynul\u00fd rok naleznete podrobn\u00e9 informace o realizovan\u00fdch investic\u00edch, finan\u010dn\u00edch v\u00fdsledc\u00edch a pl\u00e1nech rozvoje pro nadch\u00e1zej\u00edc\u00ed sez\u00f3nu. Zjist\u011bte v\u00edce o na\u0161em z\u00e1vazku k modernizaci a roz\u0161i\u0159ov\u00e1n\u00ed slu\u017eeb.<\/p>\n<p><a href=\"https:\/\/scbournak.cz\/index.php\/vyrocni-zprava\/\">ZOBRAZIT CELOU V\u00ddRO\u010cN\u00cd ZPR\u00c1VU ZDE<\/a>[\/vc_column_text][\/vc_column][\/vc_row]<\/p>\n","protected":false},"excerpt":{"rendered":"<p>[vc_row][vc_column][vc_column_text] Zaj\u00edm\u00e1 V\u00e1s, jak\u00fdm sm\u011brem se Sport Centrum Bou\u0159\u0148\u00e1k ub\u00edr\u00e1? V na\u0161\u00ed aktu\u00e1ln\u00ed V\u00fdro\u010dn\u00ed zpr\u00e1v\u011b za uplynul\u00fd rok naleznete podrobn\u00e9 informace o realizovan\u00fdch investic\u00edch, finan\u010dn\u00edch v\u00fdsledc\u00edch a pl\u00e1nech rozvoje pro nadch\u00e1zej\u00edc\u00ed sez\u00f3nu. Zjist\u011bte v\u00edce o na\u0161em z\u00e1vazku k modernizaci a roz\u0161i\u0159ov\u00e1n\u00ed slu\u017eeb. ZOBRAZIT CELOU V\u00ddRO\u010cN\u00cd ZPR\u00c1VU ZDE[\/vc_column_text][\/vc_column][\/vc_row]<\/p>\n","protected":false},"author":1,"featured_media":0,"parent":0,"menu_order":0,"comment_status":"closed","ping_status":"closed","template":"","meta":{"ngg_post_thumbnail":0},"_links":{"self":[{"href":"https:\/\/www.scbournak.cz\/index.php\/wp-json\/wp\/v2\/pages\/15"}],"collection":[{"href":"https:\/\/www.scbournak.cz\/index.php\/wp-json\/wp\/v2\/pages"}],"about":[{"href":"https:\/\/www.scbournak.cz\/index.php\/wp-json\/wp\/v2\/types\/page"}],"author":[{"embeddable":true,"href":"https:\/\/www.scbournak.cz\/index.php\/wp-json\/wp\/v2\/users\/1"}],"replies":[{"embeddable":true,"href":"https:\/\/www.scbournak.cz\/index.php\/wp-json\/wp\/v2\/comments?post=15"}],"version-history":[{"count":6,"href":"https:\/\/www.scbournak.cz\/index.php\/wp-json\/wp\/v2\/pages\/15\/revisions"}],"predecessor-version":[{"id":10466,"href":"https:\/\/www.scbournak.cz\/index.php\/wp-json\/wp\/v2\/pages\/15\/revisions\/10466"}],"wp:attachment":[{"href":"https:\/\/www.scbournak.cz\/index.php\/wp-json\/wp\/v2\/media?parent=15"}],"curies":[{"name":"wp","href":"https:\/\/api.w.org\/{rel}","templated":true}]}}