{"id":17,"date":"2020-10-26T14:47:48","date_gmt":"2020-10-26T12:47:48","guid":{"rendered":"http:\/\/scbournak2.propc.cz\/?page_id=17"},"modified":"2025-01-23T12:53:33","modified_gmt":"2025-01-23T10:53:33","slug":"kontakt","status":"publish","type":"page","link":"https:\/\/www.scbournak.cz\/index.php\/kontakt\/","title":{"rendered":"Kontakt"},"content":{"rendered":"<p>[vc_row][vc_column width=&#8221;1\/2&#8243;][vc_column_text]<strong>Na\u0161e adresa<\/strong><\/p>\n<p>Sport Centrum Bou\u0159\u0148\u00e1k, z.\u00fa.<\/p>\n<p>K Vleku 54<br \/>\n419 01 Mikulov[\/vc_column_text][\/vc_column][vc_column width=&#8221;1\/2&#8243;][vc_column_text]<i class=\"fa fa-globe\" style=\"width: 20px;\" aria-hidden=\"true\"><\/i> <a href=\"http:\/\/www.scbournak.cz\/\">www.scbournak.cz<\/a><br \/>\n<i class=\"fa fa-envelope\" style=\"width: 20px;\" aria-hidden=\"true\"><\/i> <a href=\"mailto:info@scbournak.cz\">info@scbournak.cz<\/a><br \/>\n<i class=\"fa fa-facebook\" style=\"width: 20px;\" aria-hidden=\"true\"><\/i> <a href=\"https:\/\/www.facebook.com\/SC-Bou%C5%99%C5%88%C3%A1k-235846291326\">facebook<\/a><\/p>\n<p>Jaroslav Andres, \u0159editel<br \/>\n<a href=\"mailto:jaroslav.andres@scbournak.cz\">jaroslav.andres@scbournak.cz<\/a>[\/vc_column_text][\/vc_column][\/vc_row][vc_row][vc_column][vc_gmaps link=&#8221;#E-8_JTNDaWZyYW1lJTIwc3JjJTNEJTIyaHR0cHMlM0ElMkYlMkZ3d3cuZ29vZ2xlLmNvbSUyRm1hcHMlMkZlbWJlZCUzRnBiJTNEJTIxMW0xNCUyMTFtOCUyMTFtMyUyMTFkMjUyNy42NTAyOTExODMxMjglMjEyZDEzLjcxNzA4Mjk5OTk5OTk5OCUyMTNkNTAuNjg5MzE2JTIxM20yJTIxMWkxMDI0JTIxMmk3NjglMjE0ZjEzLjElMjEzbTMlMjExbTIlMjExczB4NDcwOThkNGVjOWY2ZDJlZiUyNTNBMHhjZjIxYzdmM2NhMWEzNGYyJTIxMnpVM0J2Y25RZ1EyVnVkSEoxYlNCQ2IzWEZtY1dJdzZGciUyMTVlMCUyMTNtMiUyMTFzY3MlMjEyc2N6JTIxNHYxNDE3NDQxNjU2MTE3JTIyJTIwd2lkdGglM0QlMjI2MDAlMjIlMjBoZWlnaHQlM0QlMjI0NTAlMjIlMjBmcmFtZWJvcmRlciUzRCUyMjAlMjIlMjBzdHlsZSUzRCUyMmJvcmRlciUzQTAlMjIlMjBhbGxvd2Z1bGxzY3JlZW4lM0UlM0MlMkZpZnJhbWUlM0U=&#8221; title=&#8221;Mapa&#8221;][vc_row_inner][vc_column_inner width=&#8221;1\/2&#8243;][vc_column_text]<a href=\"https:\/\/goo.gl\/maps\/tUHui\" target=\"_blank\" rel=\"noopener noreferrer\">zv\u011bt\u0161it mapu<\/a> | <a href=\"http:\/\/www.mapy.cz\/s\/evM1\" target=\"_blank\" rel=\"noopener noreferrer\">uka\u017e na mapy.cz<\/a>[\/vc_column_text][\/vc_column_inner][vc_column_inner width=&#8221;1\/2&#8243;][vc_column_text]<\/p>\n<p style=\"text-align: right;\"><a href=\"https:\/\/goo.gl\/maps\/tUHui\" target=\"_blank\" rel=\"noopener noreferrer\">50\u00b041&#8217;21.538&#8243;N 13\u00b043&#8217;1.498&#8243;E<\/a><br \/>\n50.689316, 13.717083<\/p>\n<p>[\/vc_column_text][\/vc_column_inner][\/vc_row_inner][\/vc_column][\/vc_row][vc_row full_width=&#8221;stretch_row&#8221; css=&#8221;.vc_custom_1511879564957{margin-top: 0px !important;margin-bottom: 0px !important;padding-top: 150px !important;padding-bottom: 180px !important;background: #f7f7f7 url(http:\/\/scbournak2.propc.cz\/wp-content\/uploads\/2017\/11\/contact-1.jpg?id=8623) !important;background-position: center !important;background-repeat: no-repeat !important;background-size: contain !important;}&#8221;][vc_column css=&#8221;.vc_custom_1511874328327{padding-top: 0px !important;}&#8221;][vc_text_separator title=&#8221;Kontaktn\u00ed formul\u00e1\u0159&#8221; css=&#8221;.vc_custom_1607199348204{padding-bottom: 20px !important;}&#8221;]<div role=\"form\" class=\"wpcf7\" id=\"wpcf7-f8840-o1\" lang=\"en-US\" dir=\"ltr\">\n<div class=\"screen-reader-response\" role=\"alert\" aria-live=\"polite\"><\/div>\n<form action=\"\/index.php\/wp-json\/wp\/v2\/pages\/17#wpcf7-f8840-o1\" method=\"post\" class=\"wpcf7-form init\" novalidate=\"novalidate\">\n<div style=\"display: none;\">\n<input type=\"hidden\" name=\"_wpcf7\" value=\"8840\" \/>\n<input type=\"hidden\" name=\"_wpcf7_version\" value=\"5.2.2\" \/>\n<input type=\"hidden\" name=\"_wpcf7_locale\" value=\"en_US\" \/>\n<input type=\"hidden\" name=\"_wpcf7_unit_tag\" value=\"wpcf7-f8840-o1\" \/>\n<input type=\"hidden\" name=\"_wpcf7_container_post\" value=\"0\" \/>\n<input type=\"hidden\" name=\"_wpcf7_posted_data_hash\" value=\"\" \/>\n<\/div>\n<div class=\"winterzone-contact\">\n<div class=\"row row1\">\n<div class=\"col-md-6\">\n\t\t\t<i class=\"fa fa-user\" aria-hidden=\"true\"><\/i><span class=\"wpcf7-form-control-wrap krestni-jmeno\"><input type=\"text\" name=\"krestni-jmeno\" value=\"\" size=\"40\" class=\"wpcf7-form-control wpcf7-text wpcf7-validates-as-required\" aria-required=\"true\" aria-invalid=\"false\" placeholder=\"K\u0159estn\u00ed Jm\u00e9no\" \/><\/span>\n\t\t<\/div>\n<div class=\"col-md-6\">\n\t\t\t<i class=\"fa fa-user\" aria-hidden=\"true\"><\/i><span class=\"wpcf7-form-control-wrap prijmeni\"><input type=\"text\" name=\"prijmeni\" value=\"\" size=\"40\" class=\"wpcf7-form-control wpcf7-text wpcf7-validates-as-required\" aria-required=\"true\" aria-invalid=\"false\" placeholder=\"P\u0159ijmen\u00ed\" \/><\/span>\n\t\t<\/div><\/div>\n<div class=\"row row2\">\n<div class=\"col-md-12\">\n\t\t\t<i class=\"fa fa-envelope\" aria-hidden=\"true\"><\/i><span class=\"wpcf7-form-control-wrap email\"><input type=\"email\" name=\"email\" value=\"\" size=\"40\" class=\"wpcf7-form-control wpcf7-text wpcf7-email wpcf7-validates-as-required wpcf7-validates-as-email\" aria-required=\"true\" aria-invalid=\"false\" placeholder=\"Email\" \/><\/span>\n\t\t<\/div><\/div>\n<div class=\"row row3\">\n<div class=\"col-md-12\">\n                        <i class=\"fa fa-envelope-open\" aria-hidden=\"true\"><\/i><span class=\"wpcf7-form-control-wrap textarea\"><textarea name=\"textarea\" cols=\"40\" rows=\"10\" class=\"wpcf7-form-control wpcf7-textarea\" aria-invalid=\"false\" placeholder=\"Va\u0161e zpr\u00e1va\"><\/textarea><\/span>\n\t\t<\/div><\/div>\n<div class=\"row row4\">\n<div class=\"col-md-12\">\n\t\t\t<input type=\"submit\" value=\"Odeslat\" class=\"wpcf7-form-control wpcf7-submit\" \/>\n\t\t<\/div><\/div>\n<\/div>\n<div class=\"wpcf7-response-output\" role=\"alert\" aria-hidden=\"true\"><\/div><\/form><\/div>[\/vc_column][\/vc_row]<\/p>\n","protected":false},"excerpt":{"rendered":"<p>[vc_row][vc_column width=&#8221;1\/2&#8243;][vc_column_text]Na\u0161e adresa Sport Centrum Bou\u0159\u0148\u00e1k, z.\u00fa. K Vleku 54 419 01 Mikulov[\/vc_column_text][\/vc_column][vc_column width=&#8221;1\/2&#8243;][vc_column_text] www.scbournak.cz info@scbournak.cz facebook Jaroslav Andres, \u0159editel jaroslav.andres@scbournak.cz[\/vc_column_text][\/vc_column][\/vc_row][vc_row][vc_column][vc_gmaps link=&#8221;#E-8_JTNDaWZyYW1lJTIwc3JjJTNEJTIyaHR0cHMlM0ElMkYlMkZ3d3cuZ29vZ2xlLmNvbSUyRm1hcHMlMkZlbWJlZCUzRnBiJTNEJTIxMW0xNCUyMTFtOCUyMTFtMyUyMTFkMjUyNy42NTAyOTExODMxMjglMjEyZDEzLjcxNzA4Mjk5OTk5OTk5OCUyMTNkNTAuNjg5MzE2JTIxM20yJTIxMWkxMDI0JTIxMmk3NjglMjE0ZjEzLjElMjEzbTMlMjExbTIlMjExczB4NDcwOThkNGVjOWY2ZDJlZiUyNTNBMHhjZjIxYzdmM2NhMWEzNGYyJTIxMnpVM0J2Y25RZ1EyVnVkSEoxYlNCQ2IzWEZtY1dJdzZGciUyMTVlMCUyMTNtMiUyMTFzY3MlMjEyc2N6JTIxNHYxNDE3NDQxNjU2MTE3JTIyJTIwd2lkdGglM0QlMjI2MDAlMjIlMjBoZWlnaHQlM0QlMjI0NTAlMjIlMjBmcmFtZWJvcmRlciUzRCUyMjAlMjIlMjBzdHlsZSUzRCUyMmJvcmRlciUzQTAlMjIlMjBhbGxvd2Z1bGxzY3JlZW4lM0UlM0MlMkZpZnJhbWUlM0U=&#8221; title=&#8221;Mapa&#8221;][vc_row_inner][vc_column_inner width=&#8221;1\/2&#8243;][vc_column_text]zv\u011bt\u0161it mapu | uka\u017e na mapy.cz[\/vc_column_text][\/vc_column_inner][vc_column_inner width=&#8221;1\/2&#8243;][vc_column_text] 50\u00b041&#8217;21.538&#8243;N 13\u00b043&#8217;1.498&#8243;E 50.689316, 13.717083 [\/vc_column_text][\/vc_column_inner][\/vc_row_inner][\/vc_column][\/vc_row][vc_row full_width=&#8221;stretch_row&#8221; css=&#8221;.vc_custom_1511879564957{margin-top: 0px !important;margin-bottom: 0px !important;padding-top: 150px !important;padding-bottom: 180px !important;background: #f7f7f7 url(http:\/\/scbournak2.propc.cz\/wp-content\/uploads\/2017\/11\/contact-1.jpg?id=8623) !important;background-position: center !important;background-repeat: no-repeat !important;background-size: contain !important;}&#8221;][vc_column css=&#8221;.vc_custom_1511874328327{padding-top: [&hellip;]<\/p>\n","protected":false},"author":1,"featured_media":0,"parent":0,"menu_order":0,"comment_status":"closed","ping_status":"closed","template":"","meta":{"ngg_post_thumbnail":0},"_links":{"self":[{"href":"https:\/\/www.scbournak.cz\/index.php\/wp-json\/wp\/v2\/pages\/17"}],"collection":[{"href":"https:\/\/www.scbournak.cz\/index.php\/wp-json\/wp\/v2\/pages"}],"about":[{"href":"https:\/\/www.scbournak.cz\/index.php\/wp-json\/wp\/v2\/types\/page"}],"author":[{"embeddable":true,"href":"https:\/\/www.scbournak.cz\/index.php\/wp-json\/wp\/v2\/users\/1"}],"replies":[{"embeddable":true,"href":"https:\/\/www.scbournak.cz\/index.php\/wp-json\/wp\/v2\/comments?post=17"}],"version-history":[{"count":25,"href":"https:\/\/www.scbournak.cz\/index.php\/wp-json\/wp\/v2\/pages\/17\/revisions"}],"predecessor-version":[{"id":10365,"href":"https:\/\/www.scbournak.cz\/index.php\/wp-json\/wp\/v2\/pages\/17\/revisions\/10365"}],"wp:attachment":[{"href":"https:\/\/www.scbournak.cz\/index.php\/wp-json\/wp\/v2\/media?parent=17"}],"curies":[{"name":"wp","href":"https:\/\/api.w.org\/{rel}","templated":true}]}}