{"id":8750,"date":"2020-11-06T14:07:23","date_gmt":"2020-11-06T12:07:23","guid":{"rendered":"http:\/\/scbournak2.propc.cz\/?page_id=8750"},"modified":"2025-11-28T14:39:41","modified_gmt":"2025-11-28T12:39:41","slug":"o-stredisku-2","status":"publish","type":"page","link":"https:\/\/www.scbournak.cz\/index.php\/o-stredisku-2\/","title":{"rendered":"O St\u0159edisku"},"content":{"rendered":"<p>[vc_row][vc_column]<div class=\"title-subtile-holder\"><h1 class=\"section-title dark_title\">O st\u0159edisku<\/h1><div class=\"section-border dark_border\"><\/div><div class=\"section-subtitle dark_subtitle\"><\/div><\/div>[vc_column_text]<\/p>\r\n<p>Sport Centrum Bou\u0159\u0148\u00e1k se nach\u00e1z\u00ed v obci Mikulov v Kru\u0161n\u00fdch hor\u00e1ch, nedaleko Teplic. Je to <strong>tradi\u010dn\u00ed a obl\u00edben\u00e9 zimn\u00ed st\u0159edisko<\/strong>, kter\u00e9 nab\u00edz\u00ed vy\u017eit\u00ed pro celou rodinu i zdatn\u00e9 ly\u017ea\u0159e.<\/p>\r\n<!-- \/wp:paragraph -->\r\n<p><!-- wp:paragraph -->Are\u00e1l disponuje n\u011bkolika sjezdovkami r\u016fzn\u00fdch obt\u00ed\u017enost\u00ed, od m\u00edrn\u00fdch cvi\u010dn\u00fdch svah\u016f pro za\u010d\u00e1te\u010dn\u00edky a\u017e po prud\u0161\u00ed \u00faseky pro pokro\u010dil\u00e9. V are\u00e1lu je p\u016fj\u010dovna ly\u017ea\u0159sk\u00e9ho vybaven\u00ed, parkov\u00e1n\u00ed je bezplatn\u00e9.<\/p>\r\n<!-- \/wp:paragraph -->\r\n<p><!-- wp:paragraph -->D\u00edky sv\u00e9 poloze je st\u0159edisko velmi dob\u0159e dostupn\u00e9 z Teplic, \u00dast\u00ed nad Labem i z d\u00e1lnice D8.<\/p>\r\n<!-- \/wp:paragraph -->\r\n<p><!-- wp:paragraph -->Bou\u0159\u0148\u00e1k je ide\u00e1ln\u00edm m\u00edstem pro jednodenn\u00ed ly\u017ea\u0159sk\u00fd v\u00fdlet s p\u0159\u00e1teli nebo rodinou, kde si m\u016f\u017eete u\u017e\u00edt zimn\u00ed radov\u00e1nky v malebn\u00e9m prost\u0159ed\u00ed Kru\u0161n\u00fdch hor.<\/p>\r\n<p><!-- \/wp:paragraph -->[\/vc_column_text][\/vc_column][vc_column][\/vc_column][\/vc_row][vc_row][vc_column][vc_wp_custommenu title=&#8221;Navigace:&#8221; nav_menu=&#8221;43&#8243; el_class=&#8221;navigace-s-oddelovaci&#8221;][\/vc_column][\/vc_row]<\/p>","protected":false},"excerpt":{"rendered":"<p>[vc_row][vc_column][vc_column_text] Sport Centrum Bou\u0159\u0148\u00e1k se nach\u00e1z\u00ed v obci Mikulov v Kru\u0161n\u00fdch hor\u00e1ch, nedaleko Teplic. Je to tradi\u010dn\u00ed a obl\u00edben\u00e9 zimn\u00ed st\u0159edisko, kter\u00e9 nab\u00edz\u00ed vy\u017eit\u00ed pro celou rodinu i zdatn\u00e9 ly\u017ea\u0159e. Are\u00e1l disponuje n\u011bkolika sjezdovkami r\u016fzn\u00fdch obt\u00ed\u017enost\u00ed, od m\u00edrn\u00fdch cvi\u010dn\u00fdch svah\u016f pro za\u010d\u00e1te\u010dn\u00edky a\u017e po prud\u0161\u00ed \u00faseky pro pokro\u010dil\u00e9. V are\u00e1lu je p\u016fj\u010dovna ly\u017ea\u0159sk\u00e9ho vybaven\u00ed, parkov\u00e1n\u00ed [&hellip;]<\/p>\n","protected":false},"author":1,"featured_media":0,"parent":0,"menu_order":0,"comment_status":"closed","ping_status":"closed","template":"","meta":{"ngg_post_thumbnail":0},"_links":{"self":[{"href":"https:\/\/www.scbournak.cz\/index.php\/wp-json\/wp\/v2\/pages\/8750"}],"collection":[{"href":"https:\/\/www.scbournak.cz\/index.php\/wp-json\/wp\/v2\/pages"}],"about":[{"href":"https:\/\/www.scbournak.cz\/index.php\/wp-json\/wp\/v2\/types\/page"}],"author":[{"embeddable":true,"href":"https:\/\/www.scbournak.cz\/index.php\/wp-json\/wp\/v2\/users\/1"}],"replies":[{"embeddable":true,"href":"https:\/\/www.scbournak.cz\/index.php\/wp-json\/wp\/v2\/comments?post=8750"}],"version-history":[{"count":11,"href":"https:\/\/www.scbournak.cz\/index.php\/wp-json\/wp\/v2\/pages\/8750\/revisions"}],"predecessor-version":[{"id":10465,"href":"https:\/\/www.scbournak.cz\/index.php\/wp-json\/wp\/v2\/pages\/8750\/revisions\/10465"}],"wp:attachment":[{"href":"https:\/\/www.scbournak.cz\/index.php\/wp-json\/wp\/v2\/media?parent=8750"}],"curies":[{"name":"wp","href":"https:\/\/api.w.org\/{rel}","templated":true}]}}