{"id":8768,"date":"2020-11-06T14:46:23","date_gmt":"2020-11-06T12:46:23","guid":{"rendered":"http:\/\/scbournak2.propc.cz\/?p=8768"},"modified":"2026-04-21T11:30:08","modified_gmt":"2026-04-21T11:30:08","slug":"aktualni-teplota","status":"publish","type":"page","link":"https:\/\/www.scbournak.cz\/index.php\/aktualni-teplota\/","title":{"rendered":"Aktu\u00e1ln\u00ed teplota"},"content":{"rendered":"<table class=\"thermo1\">\n<tbody>\n<tr>\n<td colspan=\"2\" class=\"thermoName\">Bournak &#8211; vrchol<\/td>\n<\/tr>\n<tr>\n<td class=\"thermoKey\">Teplota<\/td>\n<td class=\"thermoVal\">7.0 C<\/td>\n<\/tr>\n<tr>\n<td class=\"thermoKey\">Vlhkost<\/td>\n<td class=\"thermoVal\">67.2 %<\/td>\n<\/tr>\n<tr>\n<td class=\"thermoKey\">Rosn\u00fd bod<\/td>\n<td class=\"thermoVal\">1.4 C<\/td>\n<\/tr>\n<\/tbody>\n<\/table>\n<table class=\"thermo2\">\n<tbody>\n<tr>\n<td colspan=\"2\" class=\"thermoName\">\u00dadol\u00ed\u010dko<\/td>\n<\/tr>\n<tr>\n<td class=\"thermoKey\">Teplota<\/td>\n<td class=\"thermoVal\">8.6 C<\/td>\n<\/tr>\n<tr>\n<td class=\"thermoKey\">Vlhkost<\/td>\n<td class=\"thermoVal\">54.3 %<\/td>\n<\/tr>\n<tr>\n<td class=\"thermoKey\">Rosn\u00fd bod<\/td>\n<td class=\"thermoVal\">0.0 C<\/td>\n<\/tr>\n<\/tbody>\n<\/table>\n<table class=\"thermo3\">\n<tbody>\n<tr>\n<td colspan=\"2\" class=\"thermoName\">Hrobska &#8211; nastup<\/td>\n<\/tr>\n<tr>\n<td class=\"thermoKey\">Teplota<\/td>\n<td class=\"thermoVal\">6.7 C<\/td>\n<\/tr>\n<tr>\n<td class=\"thermoKey\">Vlhkost<\/td>\n<td class=\"thermoVal\">62.4 %<\/td>\n<\/tr>\n<tr>\n<td class=\"thermoKey\">Rosn\u00fd bod<\/td>\n<td class=\"thermoVal\">0.0 C<\/td>\n<\/tr>\n<\/tbody>\n<\/table>\n","protected":false},"excerpt":{"rendered":"<p>Bournak &#8211; vrchol Teplota 7.0 C Vlhkost 67.2 % Rosn\u00fd bod 1.4 C \u00dadol\u00ed\u010dko Teplota 8.6 C Vlhkost 54.3 % Rosn\u00fd bod 0.0 C Hrobska &#8211; nastup Teplota 6.7 C Vlhkost 62.4 % Rosn\u00fd bod 0.0 C<\/p>\n","protected":false},"author":1,"featured_media":0,"parent":0,"menu_order":0,"comment_status":"closed","ping_status":"closed","template":"","meta":{"ngg_post_thumbnail":0},"_links":{"self":[{"href":"https:\/\/www.scbournak.cz\/index.php\/wp-json\/wp\/v2\/pages\/8768"}],"collection":[{"href":"https:\/\/www.scbournak.cz\/index.php\/wp-json\/wp\/v2\/pages"}],"about":[{"href":"https:\/\/www.scbournak.cz\/index.php\/wp-json\/wp\/v2\/types\/page"}],"author":[{"embeddable":true,"href":"https:\/\/www.scbournak.cz\/index.php\/wp-json\/wp\/v2\/users\/1"}],"replies":[{"embeddable":true,"href":"https:\/\/www.scbournak.cz\/index.php\/wp-json\/wp\/v2\/comments?post=8768"}],"version-history":[{"count":0,"href":"https:\/\/www.scbournak.cz\/index.php\/wp-json\/wp\/v2\/pages\/8768\/revisions"}],"wp:attachment":[{"href":"https:\/\/www.scbournak.cz\/index.php\/wp-json\/wp\/v2\/media?parent=8768"}],"curies":[{"name":"wp","href":"https:\/\/api.w.org\/{rel}","templated":true}]}}