{"id":8825,"date":"2020-11-09T15:53:16","date_gmt":"2020-11-09T13:53:16","guid":{"rendered":"http:\/\/scbournak2.propc.cz\/?page_id=8825"},"modified":"2026-05-03T15:30:09","modified_gmt":"2026-05-03T15:30:09","slug":"kamery","status":"publish","type":"page","link":"https:\/\/www.scbournak.cz\/index.php\/kamery\/","title":{"rendered":"Kamery"},"content":{"rendered":"<p>[vc_row][vc_column][vc_column_text][\/vc_column_text][vc_raw_js]JTNDZGl2JTIwc3R5bGUlM0QlMjJwYWRkaW5nLWJvdHRvbSUzQSUyMDEwcHglM0IlMjB0ZXh0LWFsaWduJTNBY2VudGVyJTNCJTIyJTNFJTBBJTNDZGl2JTIwY2xhc3MlM0QlMjJ0aXRsZS1zdWJ0aWxlLWhvbGRlciUyMiUzRSUwQSUzQ2gyJTIwY2xhc3MlM0QlMjJzZWN0aW9uLXRpdGxlJTIwZGFya190aXRsZSUyMiUzRU1pa3Vsb3YlMkMlMjBTbGFsb20lQzMlQTFrJTNDJTJGaDElM0UlMEElM0NkaXYlMjBjbGFzcyUzRCUyMnNlY3Rpb24tYm9yZGVyJTIwZGFya19ib3JkZXIlMjIlM0UlM0MlMkZkaXYlM0UlMEElM0NkaXYlMjBzdHlsZSUzRCUyMndpZHRoJTNBJTIwMTAwJTI1JTNCJTIwcGFkZGluZyUzQSUyMDEwcHglMjAwcHglMjAxMHB4JTIwMHB4JTNCJTIwcG9zaXRpb24lM0ElMjByZWxhdGl2ZSUzQiUyMiUzRSUwQSUyMCUyMCUzQ2ElMjBocmVmJTNEJTIyaHR0cHMlM0ElMkYlMkZ3d3cuc2Nib3VybmFrLmN6JTJGaW5kZXgucGhwJTJGa2FtZXJhLXNsYWxvbWFrJTJGJTIyJTNFJTNDaW1nJTIwc3JjJTNEJTIyaHR0cHMlM0ElMkYlMkZ3d3cuc2Nib3VybmFrLmN6JTJGd3AtY29udGVudCUyRnVwbG9hZHMlMkYyMDIwJTJGMTElMkZ3ZWJjYW0lMkZzbGFsb21hay02NjAuanBnJTIyJTIwd2lkdGglM0QlMjI2NDAlMjIlMjBoZWlnaHQlM0QlMjIzNjAlMjIlMjBhbHQlM0QlMjJNaWt1bG92JTJDJTIwU2xhbG9tJUMzJUExayUyMiUyMHN0eWxlJTNEJTIyZGlzcGxheSUzQSUyMGJsb2NrJTNCJTIwbWFyZ2luJTNBJTIwMCUyMGF1dG8lM0IlMjIlMjAlMkYlM0UlM0MlMkZhJTNFJTBBJTIwJTIwJTNDYSUyMGhyZWYlM0QlMjJodHRwcyUzQSUyRiUyRnd3dy5zY2JvdXJuYWsuY3olMkZpbmRleC5waHAlMkZrYW1lcmEtc2xhbG9tYWslMkYlMjIlMjBzdHlsZSUzRCUyMnBvc2l0aW9uJTNBJTIwYWJzb2x1dGUlM0IlMjB0b3AlM0ElMjA1MCUyNSUzQiUyMGxlZnQlM0ElMjA1MCUyNSUzQiUyMHRyYW5zZm9ybSUzQSUyMHRyYW5zbGF0ZSUyOC01MCUyNSUyQyUyMC01MCUyNSUyOSUzQiUyMiUzRSUzQ2ltZyUyMHNyYyUzRCUyMmh0dHBzJTNBJTJGJTJGd3d3LnNjYm91cm5hay5jeiUyRndwLWNvbnRlbnQlMkZ1cGxvYWRzJTJGMjAyMCUyRjExJTJGd2ViY2FtJTJGcGxheS1pY29uLnBuZyUyMiUyMHdpZHRoJTNEJTIyMTAwJTIyJTIwaGVpZ2h0JTNEJTIyMTAwJTIyJTIwYWx0JTNEJTIyUExBWSUyMiUyMHN0eWxlJTNEJTIyb3BhY2l0eSUzQSUyMDAuNSUzQiUyMiUyMCUyRiUzRSUzQyUyRmElM0UlMEElM0MlMkZkaXYlM0UlMEElM0NkaXYlM0UlM0NhJTIwaHJlZiUzRCUyMmh0dHBzJTNBJTJGJTJGd3d3LnNjYm91cm5hay5jeiUyRmluZGV4LnBocCUyRmthbWVyYS1zbGFsb21hayUyRiUyMiUzRSUzQ2klMjBjbGFzcyUzRCUyMmZhJTIwZmEtcGxheSUyMiUzRSUzQyUyRmklM0UlMjAlM0NzdHJvbmclM0UlQzUlQkRpdiVDMyVBOSUyMHZ5cyVDMyVBRGwlQzMlQTFuJUMzJUFEJTNDJTJGc3Ryb25nJTNFJTNDJTJGYSUzRSUzQyUyRmRpdiUzRSUwQSUzQ2RpdiUyMGlkJTNEJTIyc2NiLXRoZXJtby0xJTIyJTNFJTNDc3Ryb25nJTNFJTI2bmJzcCUzQiUzQyUyRnN0cm9uZyUzRSUzQyUyRmRpdiUzRSUwQSUzQyUyRmRpdiUzRSUwQSUzQyUyRmRpdiUzRSUwQSUwQSUzQ2RpdiUyMHN0eWxlJTNEJTIycGFkZGluZy1ib3R0b20lM0ElMjAxMHB4JTNCJTIwdGV4dC1hbGlnbiUzQWNlbnRlciUzQiUyMiUzRSUwQSUzQ2RpdiUyMGNsYXNzJTNEJTIydGl0bGUtc3VidGlsZS1ob2xkZXIlMjIlM0UlMEElM0NoMiUyMGNsYXNzJTNEJTIyc2VjdGlvbi10aXRsZSUyMGRhcmtfdGl0bGUlMjIlM0VNaWt1bG92JTJDJTIwJUMzJTlBZG9sJUMzJUFEJUM0JThEa28lMjBuJUMzJUExc3R1cCUyMHZsZWslM0MlMkZoMSUzRSUwQSUzQ2RpdiUyMGNsYXNzJTNEJTIyc2VjdGlvbi1ib3JkZXIlMjBkYXJrX2JvcmRlciUyMiUzRSUzQyUyRmRpdiUzRSUwQSUzQ2RpdiUyMHN0eWxlJTNEJTIyd2lkdGglM0ElMjAxMDAlMjUlM0IlMjBwYWRkaW5nJTNBJTIwMTBweCUyMDBweCUyMDEwcHglMjAwcHglM0IlMjBwb3NpdGlvbiUzQSUyMHJlbGF0aXZlJTNCJTIyJTNFJTBBJTIwJTIwJTNDYSUyMGhyZWYlM0QlMjJodHRwcyUzQSUyRiUyRnd3dy5zY2JvdXJuYWsuY3olMkZpbmRleC5waHAlMkZrYW1lcmEtdWRvbGlja28lMkYlMjIlM0UlM0NpbWclMjBzcmMlM0QlMjJodHRwcyUzQSUyRiUyRnd3dy5zY2JvdXJuYWsuY3olMkZ3cC1jb250ZW50JTJGdXBsb2FkcyUyRjIwMjAlMkYxMSUyRndlYmNhbSUyRnVkb2xpY2tvLTY2MC5qcGclMjIlMjB3aWR0aCUzRCUyMjY0MCUyMiUyMGhlaWdodCUzRCUyMjM2MCUyMiUyMGFsdCUzRCUyMk1pa3Vsb3YlMkMlMjAlQzMlOUFkb2wlQzMlQUQlQzQlOERrbyUyMG4lQzMlQTFzdHVwJTIwdmxlayUyMiUyMHN0eWxlJTNEJTIyZGlzcGxheSUzQSUyMGJsb2NrJTNCJTIwbWFyZ2luJTNBJTIwMCUyMGF1dG8lM0IlMjIlMjAlMkYlM0UlM0MlMkZhJTNFJTBBJTIwJTIwJTNDYSUyMGhyZWYlM0QlMjJodHRwcyUzQSUyRiUyRnd3dy5zY2JvdXJuYWsuY3olMkZpbmRleC5waHAlMkZrYW1lcmEtdWRvbGlja28lMkYlMjIlMjBzdHlsZSUzRCUyMnBvc2l0aW9uJTNBJTIwYWJzb2x1dGUlM0IlMjB0b3AlM0ElMjA1MCUyNSUzQiUyMGxlZnQlM0ElMjA1MCUyNSUzQiUyMHRyYW5zZm9ybSUzQSUyMHRyYW5zbGF0ZSUyOC01MCUyNSUyQyUyMC01MCUyNSUyOSUzQiUyMiUzRSUzQ2ltZyUyMHNyYyUzRCUyMmh0dHBzJTNBJTJGJTJGd3d3LnNjYm91cm5hay5jeiUyRndwLWNvbnRlbnQlMkZ1cGxvYWRzJTJGMjAyMCUyRjExJTJGd2ViY2FtJTJGcGxheS1pY29uLnBuZyUyMiUyMHdpZHRoJTNEJTIyMTAwJTIyJTIwaGVpZ2h0JTNEJTIyMTAwJTIyJTIwYWx0JTNEJTIyUExBWSUyMiUyMHN0eWxlJTNEJTIyb3BhY2l0eSUzQSUyMDAuNSUzQiUyMiUyMCUyRiUzRSUzQyUyRmElM0UlMEElM0MlMkZkaXYlM0UlMEElM0NkaXYlM0UlM0NhJTIwaHJlZiUzRCUyMmh0dHBzJTNBJTJGJTJGd3d3LnNjYm91cm5hay5jeiUyRmluZGV4LnBocCUyRmthbWVyYS11ZG9saWNrbyUyRiUyMiUzRSUzQ2klMjBjbGFzcyUzRCUyMmZhJTIwZmEtcGxheSUyMiUzRSUzQyUyRmklM0UlMjAlM0NzdHJvbmclM0UlQzUlQkRpdiVDMyVBOSUyMHZ5cyVDMyVBRGwlQzMlQTFuJUMzJUFEJTNDJTJGc3Ryb25nJTNFJTNDJTJGYSUzRSUzQyUyRmRpdiUzRSUwQSUzQ2RpdiUyMGlkJTNEJTIyc2NiLXRoZXJtby0xJTIyJTNFJTNDc3Ryb25nJTNFJTI2bmJzcCUzQiUzQyUyRnN0cm9uZyUzRSUzQyUyRmRpdiUzRSUwQSUzQyUyRmRpdiUzRSUwQSUzQyUyRmRpdiUzRSUwQSUwQSUzQ2RpdiUyMHN0eWxlJTNEJTIycGFkZGluZy1ib3R0b20lM0ElMjAxMHB4JTNCJTIwdGV4dC1hbGlnbiUzQWNlbnRlciUzQiUyMiUzRSUwQSUzQ2RpdiUyMGNsYXNzJTNEJTIydGl0bGUtc3VidGlsZS1ob2xkZXIlMjIlM0UlMEElM0NoMiUyMGNsYXNzJTNEJTIyc2VjdGlvbi10aXRsZSUyMGRhcmtfdGl0bGUlMjIlM0VNaWt1bG92JTJDJTIwQ3ZpJUM0JThEbiVDMyVBMSUyMGxvdWthJTNDJTJGaDElM0UlMEElM0NkaXYlMjBjbGFzcyUzRCUyMnNlY3Rpb24tYm9yZGVyJTIwZGFya19ib3JkZXIlMjIlM0UlM0MlMkZkaXYlM0UlMEElM0NkaXYlMjBzdHlsZSUzRCUyMndpZHRoJTNBJTIwMTAwJTI1JTNCJTIwcGFkZGluZyUzQSUyMDEwcHglMjAwcHglMjAxMHB4JTIwMHB4JTNCJTIwcG9zaXRpb24lM0ElMjByZWxhdGl2ZSUzQiUyMiUzRSUwQSUyMCUyMCUzQ2ElMjBocmVmJTNEJTIyaHR0cHMlM0ElMkYlMkZ3d3cuc2Nib3VybmFrLmN6JTJGaW5kZXgucGhwJTJGa2FtZXJhLWN2aWNuYS1sb3VrYSUyRiUyMiUzRSUzQ2ltZyUyMHNyYyUzRCUyMmh0dHBzJTNBJTJGJTJGd3d3LnNjYm91cm5hay5jeiUyRndwLWNvbnRlbnQlMkZ1cGxvYWRzJTJGMjAyMCUyRjExJTJGd2ViY2FtJTJGY3ZpY25hLWxvdWthLTY2MC5qcGclMjIlMjB3aWR0aCUzRCUyMjY0MCUyMiUyMGhlaWdodCUzRCUyMjM2MCUyMiUyMGFsdCUzRCUyMk1pa3Vsb3YlMkMlMjBDdmklQzQlOERuJUMzJUExJTIwbG91a2ElMjIlMjBzdHlsZSUzRCUyMmRpc3BsYXklM0ElMjBibG9jayUzQiUyMG1hcmdpbiUzQSUyMDAlMjBhdXRvJTNCJTIyJTIwJTJGJTNFJTNDJTJGYSUzRSUwQSUyMCUyMCUzQ2ElMjBocmVmJTNEJTIyaHR0cHMlM0ElMkYlMkZ3d3cuc2Nib3VybmFrLmN6JTJGaW5kZXgucGhwJTJGa2FtZXJhLWN2aWNuYS1sb3VrYSUyRiUyMiUyMHN0eWxlJTNEJTIycG9zaXRpb24lM0ElMjBhYnNvbHV0ZSUzQiUyMHRvcCUzQSUyMDUwJTI1JTNCJTIwbGVmdCUzQSUyMDUwJTI1JTNCJTIwdHJhbnNmb3JtJTNBJTIwdHJhbnNsYXRlJTI4LTUwJTI1JTJDJTIwLTUwJTI1JTI5JTNCJTIyJTNFJTNDaW1nJTIwc3JjJTNEJTIyaHR0cHMlM0ElMkYlMkZ3d3cuc2Nib3VybmFrLmN6JTJGd3AtY29udGVudCUyRnVwbG9hZHMlMkYyMDIwJTJGMTElMkZ3ZWJjYW0lMkZwbGF5LWljb24ucG5nJTIyJTIwd2lkdGglM0QlMjIxMDAlMjIlMjBoZWlnaHQlM0QlMjIxMDAlMjIlMjBhbHQlM0QlMjJQTEFZJTIyJTIwc3R5bGUlM0QlMjJvcGFjaXR5JTNBJTIwMC41JTNCJTIyJTIwJTJGJTNFJTNDJTJGYSUzRSUwQSUzQyUyRmRpdiUzRSUwQSUzQ2RpdiUzRSUzQ2ElMjBocmVmJTNEJTIyaHR0cHMlM0ElMkYlMkZ3d3cuc2Nib3VybmFrLmN6JTJGaW5kZXgucGhwJTJGa2FtZXJhLWN2aWNuYS1sb3VrYSUyRiUyMiUzRSUzQ2klMjBjbGFzcyUzRCUyMmZhJTIwZmEtcGxheSUyMiUzRSUzQyUyRmklM0UlMjAlM0NzdHJvbmclM0UlQzUlQkRpdiVDMyVBOSUyMHZ5cyVDMyVBRGwlQzMlQTFuJUMzJUFEJTNDJTJGc3Ryb25nJTNFJTNDJTJGYSUzRSUzQyUyRmRpdiUzRSUwQSUzQ2RpdiUyMGlkJTNEJTIyc2NiLXRoZXJtby0xJTIyJTNFJTNDc3Ryb25nJTNFJTI2bmJzcCUzQiUzQyUyRnN0cm9uZyUzRSUzQyUyRmRpdiUzRSUwQSUzQyUyRmRpdiUzRSUwQSUzQyUyRmRpdiUzRSUwQSUwQSUzQ2RpdiUyMHN0eWxlJTNEJTIycGFkZGluZy1ib3R0b20lM0ElMjAxMHB4JTNCJTIwdGV4dC1hbGlnbiUzQWNlbnRlciUzQiUyMiUzRSUwQSUzQ2RpdiUyMGNsYXNzJTNEJTIydGl0bGUtc3VidGlsZS1ob2xkZXIlMjIlM0UlMEElM0NoMiUyMGNsYXNzJTNEJTIyc2VjdGlvbi10aXRsZSUyMGRhcmtfdGl0bGUlMjIlM0VCb3UlQzUlOTklQzUlODglQzMlQTFrJTJDJTIwSHJvYnNrJUMzJUExJTIwc2plemRvdmthJTIwdmxlayUyMHYlQzMlQkRzdHVwJTNDJTJGaDElM0UlMEElM0NkaXYlMjBjbGFzcyUzRCUyMnNlY3Rpb24tYm9yZGVyJTIwZGFya19ib3JkZXIlMjIlM0UlM0MlMkZkaXYlM0UlMEElM0NkaXYlMjBzdHlsZSUzRCUyMndpZHRoJTNBJTIwMTAwJTI1JTNCJTIwcGFkZGluZyUzQSUyMDEwcHglMjAwcHglMjAxMHB4JTIwMHB4JTNCJTIwcG9zaXRpb24lM0ElMjByZWxhdGl2ZSUzQiUyMiUzRSUwQSUyMCUyMCUzQ2ElMjBocmVmJTNEJTIyaHR0cHMlM0ElMkYlMkZ3d3cuc2Nib3VybmFrLmN6JTJGaW5kZXgucGhwJTJGa2FtZXJhLWhyb2Jza2EtaG9ybmklMkYlMjIlM0UlM0NpbWclMjBzcmMlM0QlMjJodHRwcyUzQSUyRiUyRnd3dy5zY2JvdXJuYWsuY3olMkZ3cC1jb250ZW50JTJGdXBsb2FkcyUyRjIwMjAlMkYxMSUyRndlYmNhbSUyRmhyb2Jza2EtaG9ybmktNjYwLmpwZyUyMiUyMHdpZHRoJTNEJTIyNjQwJTIyJTIwaGVpZ2h0JTNEJTIyMzYwJTIyJTIwYWx0JTNEJTIyQm91JUM1JTk5JUM1JTg4JUMzJUExayUyQyUyMERvcHBlbG1heXIlMjB2JUMzJUJEc3R1cCUyMiUyMHN0eWxlJTNEJTIyZGlzcGxheSUzQSUyMGJsb2NrJTNCJTIwbWFyZ2luJTNBJTIwMCUyMGF1dG8lM0IlMjIlMjAlMkYlM0UlM0MlMkZhJTNFJTBBJTIwJTIwJTNDYSUyMGhyZWYlM0QlMjJodHRwcyUzQSUyRiUyRnd3dy5zY2JvdXJuYWsuY3olMkZpbmRleC5waHAlMkZrYW1lcmEtaHJvYnNrYS1ob3JuaSUyRiUyMiUyMHN0eWxlJTNEJTIycG9zaXRpb24lM0ElMjBhYnNvbHV0ZSUzQiUyMHRvcCUzQSUyMDUwJTI1JTNCJTIwbGVmdCUzQSUyMDUwJTI1JTNCJTIwdHJhbnNmb3JtJTNBJTIwdHJhbnNsYXRlJTI4LTUwJTI1JTJDJTIwLTUwJTI1JTI5JTNCJTIyJTNFJTNDaW1nJTIwc3JjJTNEJTIyaHR0cHMlM0ElMkYlMkZ3d3cuc2Nib3VybmFrLmN6JTJGd3AtY29udGVudCUyRnVwbG9hZHMlMkYyMDIwJTJGMTElMkZ3ZWJjYW0lMkZwbGF5LWljb24ucG5nJTIyJTIwd2lkdGglM0QlMjIxMDAlMjIlMjBoZWlnaHQlM0QlMjIxMDAlMjIlMjBhbHQlM0QlMjJQTEFZJTIyJTIwc3R5bGUlM0QlMjJvcGFjaXR5JTNBJTIwMC41JTNCJTIyJTIwJTJGJTNFJTNDJTJGYSUzRSUwQSUzQyUyRmRpdiUzRSUwQSUzQ2RpdiUzRSUzQ2ElMjBocmVmJTNEJTIyaHR0cHMlM0ElMkYlMkZ3d3cuc2Nib3VybmFrLmN6JTJGaW5kZXgucGhwJTJGa2FtZXJhLWhyb2Jza2EtaG9ybmklMkYlMjIlM0UlM0NpJTIwY2xhc3MlM0QlMjJmYSUyMGZhLXBsYXklMjIlM0UlM0MlMkZpJTNFJTIwJTNDc3Ryb25nJTNFJUM1JUJEaXYlQzMlQTklMjB2eXMlQzMlQURsJUMzJUExbiVDMyVBRCUzQyUyRnN0cm9uZyUzRSUzQyUyRmElM0UlM0MlMkZkaXYlM0UlMEElM0NkaXYlMjBpZCUzRCUyMnNjYi10aGVybW8tMyUyMiUzRSUzQ3N0cm9uZyUzRSUyNm5ic3AlM0IlM0MlMkZzdHJvbmclM0UlM0MlMkZkaXYlM0UlMEElM0MlMkZkaXYlM0UlMEElM0MlMkZkaXYlM0UlMEElMEElM0NkaXYlMjBzdHlsZSUzRCUyMnBhZGRpbmctYm90dG9tJTNBJTIwMTBweCUzQiUyMHRleHQtYWxpZ24lM0FjZW50ZXIlM0IlMjIlM0UlMEElM0NkaXYlMjBjbGFzcyUzRCUyMnRpdGxlLXN1YnRpbGUtaG9sZGVyJTIyJTNFJTBBJTNDaDIlMjBjbGFzcyUzRCUyMnNlY3Rpb24tdGl0bGUlMjBkYXJrX3RpdGxlJTIyJTNFSHJvYnNrJUMzJUExJTIwc2plemRvdmthJTJDJTIwdmxlayUyMG4lQzMlQTFzdHVwJTNDJTJGaDElM0UlMEElM0NkaXYlMjBjbGFzcyUzRCUyMnNlY3Rpb24tYm9yZGVyJTIwZGFya19ib3JkZXIlMjIlM0UlM0MlMkZkaXYlM0UlMEElM0NkaXYlMjBzdHlsZSUzRCUyMndpZHRoJTNBJTIwMTAwJTI1JTNCJTIwcGFkZGluZyUzQSUyMDEwcHglMjAwcHglMjAxMHB4JTIwMHB4JTNCJTIwcG9zaXRpb24lM0ElMjByZWxhdGl2ZSUzQiUyMiUzRSUwQSUyMCUyMCUzQ2ElMjBocmVmJTNEJTIyaHR0cHMlM0ElMkYlMkZ3d3cuc2Nib3VybmFrLmN6JTJGaW5kZXgucGhwJTJGa2FtZXJhLWhyb2Jza2EtZG9sbmklMkYlMjIlM0UlM0NpbWclMjBzcmMlM0QlMjJodHRwcyUzQSUyRiUyRnd3dy5zY2JvdXJuYWsuY3olMkZ3cC1jb250ZW50JTJGdXBsb2FkcyUyRjIwMjAlMkYxMSUyRndlYmNhbSUyRmhyb2Jza2EtZG9sbmktNjYwLmpwZyUyMiUyMHdpZHRoJTNEJTIyNjQwJTIyJTIwaGVpZ2h0JTNEJTIyMzYwJTIyJTIwYWx0JTNEJTIySHJvYnNrJUMzJUExJTIwc2plemRvdmthJTJDJTIwdmxlayUyMG4lQzMlQTFzdHVwJTIyJTIwc3R5bGUlM0QlMjJkaXNwbGF5JTNBJTIwYmxvY2slM0IlMjBtYXJnaW4lM0ElMjAwJTIwYXV0byUzQiUyMiUyMCUyRiUzRSUzQyUyRmElM0UlMEElMjAlMjAlM0NhJTIwaHJlZiUzRCUyMmh0dHBzJTNBJTJGJTJGd3d3LnNjYm91cm5hay5jeiUyRmluZGV4LnBocCUyRmthbWVyYS1ocm9ic2thLWRvbG5pJTJGJTIyJTIwc3R5bGUlM0QlMjJwb3NpdGlvbiUzQSUyMGFic29sdXRlJTNCJTIwdG9wJTNBJTIwNTAlMjUlM0IlMjBsZWZ0JTNBJTIwNTAlMjUlM0IlMjB0cmFuc2Zvcm0lM0ElMjB0cmFuc2xhdGUlMjgtNTAlMjUlMkMlMjAtNTAlMjUlMjklM0IlMjIlM0UlM0NpbWclMjBzcmMlM0QlMjJodHRwcyUzQSUyRiUyRnd3dy5zY2JvdXJuYWsuY3olMkZ3cC1jb250ZW50JTJGdXBsb2FkcyUyRjIwMjAlMkYxMSUyRndlYmNhbSUyRnBsYXktaWNvbi5wbmclMjIlMjB3aWR0aCUzRCUyMjEwMCUyMiUyMGhlaWdodCUzRCUyMjEwMCUyMiUyMGFsdCUzRCUyMlBMQVklMjIlMjBzdHlsZSUzRCUyMm9wYWNpdHklM0ElMjAwLjUlM0IlMjIlMjAlMkYlM0UlM0MlMkZhJTNFJTBBJTNDJTJGZGl2JTNFJTBBJTNDZGl2JTNFJTNDYSUyMGhyZWYlM0QlMjJodHRwcyUzQSUyRiUyRnd3dy5zY2JvdXJuYWsuY3olMkZpbmRleC5waHAlMkZrYW1lcmEtaHJvYnNrYS1kb2xuaSUyRiUyMiUzRSUzQ2klMjBjbGFzcyUzRCUyMmZhJTIwZmEtcGxheSUyMiUzRSUzQyUyRmklM0UlMjAlM0NzdHJvbmclM0UlQzUlQkRpdiVDMyVBOSUyMHZ5cyVDMyVBRGwlQzMlQTFuJUMzJUFEJTNDJTJGc3Ryb25nJTNFJTNDJTJGYSUzRSUzQyUyRmRpdiUzRSUwQSUzQ2RpdiUyMGlkJTNEJTIyc2NiLXRoZXJtby0yJTIyJTNFJTNDc3Ryb25nJTNFJTI2bmJzcCUzQiUzQyUyRnN0cm9uZyUzRSUzQyUyRmRpdiUzRSUwQSUzQyUyRmRpdiUzRSUwQSUzQyUyRmRpdiUzRSUwQQ==[\/vc_raw_js][\/vc_column][\/vc_row][vc_row][vc_column][vc_column_text]Powered by <a title=\"RTMP.cz | online stream pro Va\u0161e webov\u00e9 str\u00e1nky | webkamery on-line\" href=\"https:\/\/rtmp.cz\" target=\"_blank\" rel=\"noopener noreferrer\">RTMP.cz<\/a>[\/vc_column_text][\/vc_column][\/vc_row]<\/p>\n","protected":false},"excerpt":{"rendered":"<p>[vc_row][vc_column][vc_column_text][\/vc_column_text][vc_raw_js]JTNDZGl2JTIwc3R5bGUlM0QlMjJwYWRkaW5nLWJvdHRvbSUzQSUyMDEwcHglM0IlMjB0ZXh0LWFsaWduJTNBY2VudGVyJTNCJTIyJTNFJTBBJTNDZGl2JTIwY2xhc3MlM0QlMjJ0aXRsZS1zdWJ0aWxlLWhvbGRlciUyMiUzRSUwQSUzQ2gyJTIwY2xhc3MlM0QlMjJzZWN0aW9uLXRpdGxlJTIwZGFya190aXRsZSUyMiUzRU1pa3Vsb3YlMkMlMjBTbGFsb20lQzMlQTFrJTNDJTJGaDElM0UlMEElM0NkaXYlMjBjbGFzcyUzRCUyMnNlY3Rpb24tYm9yZGVyJTIwZGFya19ib3JkZXIlMjIlM0UlM0MlMkZkaXYlM0UlMEElM0NkaXYlMjBzdHlsZSUzRCUyMndpZHRoJTNBJTIwMTAwJTI1JTNCJTIwcGFkZGluZyUzQSUyMDEwcHglMjAwcHglMjAxMHB4JTIwMHB4JTNCJTIwcG9zaXRpb24lM0ElMjByZWxhdGl2ZSUzQiUyMiUzRSUwQSUyMCUyMCUzQ2ElMjBocmVmJTNEJTIyaHR0cHMlM0ElMkYlMkZ3d3cuc2Nib3VybmFrLmN6JTJGaW5kZXgucGhwJTJGa2FtZXJhLXNsYWxvbWFrJTJGJTIyJTNFJTNDaW1nJTIwc3JjJTNEJTIyaHR0cHMlM0ElMkYlMkZ3d3cuc2Nib3VybmFrLmN6JTJGd3AtY29udGVudCUyRnVwbG9hZHMlMkYyMDIwJTJGMTElMkZ3ZWJjYW0lMkZzbGFsb21hay02NjAuanBnJTIyJTIwd2lkdGglM0QlMjI2NDAlMjIlMjBoZWlnaHQlM0QlMjIzNjAlMjIlMjBhbHQlM0QlMjJNaWt1bG92JTJDJTIwU2xhbG9tJUMzJUExayUyMiUyMHN0eWxlJTNEJTIyZGlzcGxheSUzQSUyMGJsb2NrJTNCJTIwbWFyZ2luJTNBJTIwMCUyMGF1dG8lM0IlMjIlMjAlMkYlM0UlM0MlMkZhJTNFJTBBJTIwJTIwJTNDYSUyMGhyZWYlM0QlMjJodHRwcyUzQSUyRiUyRnd3dy5zY2JvdXJuYWsuY3olMkZpbmRleC5waHAlMkZrYW1lcmEtc2xhbG9tYWslMkYlMjIlMjBzdHlsZSUzRCUyMnBvc2l0aW9uJTNBJTIwYWJzb2x1dGUlM0IlMjB0b3AlM0ElMjA1MCUyNSUzQiUyMGxlZnQlM0ElMjA1MCUyNSUzQiUyMHRyYW5zZm9ybSUzQSUyMHRyYW5zbGF0ZSUyOC01MCUyNSUyQyUyMC01MCUyNSUyOSUzQiUyMiUzRSUzQ2ltZyUyMHNyYyUzRCUyMmh0dHBzJTNBJTJGJTJGd3d3LnNjYm91cm5hay5jeiUyRndwLWNvbnRlbnQlMkZ1cGxvYWRzJTJGMjAyMCUyRjExJTJGd2ViY2FtJTJGcGxheS1pY29uLnBuZyUyMiUyMHdpZHRoJTNEJTIyMTAwJTIyJTIwaGVpZ2h0JTNEJTIyMTAwJTIyJTIwYWx0JTNEJTIyUExBWSUyMiUyMHN0eWxlJTNEJTIyb3BhY2l0eSUzQSUyMDAuNSUzQiUyMiUyMCUyRiUzRSUzQyUyRmElM0UlMEElM0MlMkZkaXYlM0UlMEElM0NkaXYlM0UlM0NhJTIwaHJlZiUzRCUyMmh0dHBzJTNBJTJGJTJGd3d3LnNjYm91cm5hay5jeiUyRmluZGV4LnBocCUyRmthbWVyYS1zbGFsb21hayUyRiUyMiUzRSUzQ2klMjBjbGFzcyUzRCUyMmZhJTIwZmEtcGxheSUyMiUzRSUzQyUyRmklM0UlMjAlM0NzdHJvbmclM0UlQzUlQkRpdiVDMyVBOSUyMHZ5cyVDMyVBRGwlQzMlQTFuJUMzJUFEJTNDJTJGc3Ryb25nJTNFJTNDJTJGYSUzRSUzQyUyRmRpdiUzRSUwQSUzQ2RpdiUyMGlkJTNEJTIyc2NiLXRoZXJtby0xJTIyJTNFJTNDc3Ryb25nJTNFJTI2bmJzcCUzQiUzQyUyRnN0cm9uZyUzRSUzQyUyRmRpdiUzRSUwQSUzQyUyRmRpdiUzRSUwQSUzQyUyRmRpdiUzRSUwQSUwQSUzQ2RpdiUyMHN0eWxlJTNEJTIycGFkZGluZy1ib3R0b20lM0ElMjAxMHB4JTNCJTIwdGV4dC1hbGlnbiUzQWNlbnRlciUzQiUyMiUzRSUwQSUzQ2RpdiUyMGNsYXNzJTNEJTIydGl0bGUtc3VidGlsZS1ob2xkZXIlMjIlM0UlMEElM0NoMiUyMGNsYXNzJTNEJTIyc2VjdGlvbi10aXRsZSUyMGRhcmtfdGl0bGUlMjIlM0VNaWt1bG92JTJDJTIwJUMzJTlBZG9sJUMzJUFEJUM0JThEa28lMjBuJUMzJUExc3R1cCUyMHZsZWslM0MlMkZoMSUzRSUwQSUzQ2RpdiUyMGNsYXNzJTNEJTIyc2VjdGlvbi1ib3JkZXIlMjBkYXJrX2JvcmRlciUyMiUzRSUzQyUyRmRpdiUzRSUwQSUzQ2RpdiUyMHN0eWxlJTNEJTIyd2lkdGglM0ElMjAxMDAlMjUlM0IlMjBwYWRkaW5nJTNBJTIwMTBweCUyMDBweCUyMDEwcHglMjAwcHglM0IlMjBwb3NpdGlvbiUzQSUyMHJlbGF0aXZlJTNCJTIyJTNFJTBBJTIwJTIwJTNDYSUyMGhyZWYlM0QlMjJodHRwcyUzQSUyRiUyRnd3dy5zY2JvdXJuYWsuY3olMkZpbmRleC5waHAlMkZrYW1lcmEtdWRvbGlja28lMkYlMjIlM0UlM0NpbWclMjBzcmMlM0QlMjJodHRwcyUzQSUyRiUyRnd3dy5zY2JvdXJuYWsuY3olMkZ3cC1jb250ZW50JTJGdXBsb2FkcyUyRjIwMjAlMkYxMSUyRndlYmNhbSUyRnVkb2xpY2tvLTY2MC5qcGclMjIlMjB3aWR0aCUzRCUyMjY0MCUyMiUyMGhlaWdodCUzRCUyMjM2MCUyMiUyMGFsdCUzRCUyMk1pa3Vsb3YlMkMlMjAlQzMlOUFkb2wlQzMlQUQlQzQlOERrbyUyMG4lQzMlQTFzdHVwJTIwdmxlayUyMiUyMHN0eWxlJTNEJTIyZGlzcGxheSUzQSUyMGJsb2NrJTNCJTIwbWFyZ2luJTNBJTIwMCUyMGF1dG8lM0IlMjIlMjAlMkYlM0UlM0MlMkZhJTNFJTBBJTIwJTIwJTNDYSUyMGhyZWYlM0QlMjJodHRwcyUzQSUyRiUyRnd3dy5zY2JvdXJuYWsuY3olMkZpbmRleC5waHAlMkZrYW1lcmEtdWRvbGlja28lMkYlMjIlMjBzdHlsZSUzRCUyMnBvc2l0aW9uJTNBJTIwYWJzb2x1dGUlM0IlMjB0b3AlM0ElMjA1MCUyNSUzQiUyMGxlZnQlM0ElMjA1MCUyNSUzQiUyMHRyYW5zZm9ybSUzQSUyMHRyYW5zbGF0ZSUyOC01MCUyNSUyQyUyMC01MCUyNSUyOSUzQiUyMiUzRSUzQ2ltZyUyMHNyYyUzRCUyMmh0dHBzJTNBJTJGJTJGd3d3LnNjYm91cm5hay5jeiUyRndwLWNvbnRlbnQlMkZ1cGxvYWRzJTJGMjAyMCUyRjExJTJGd2ViY2FtJTJGcGxheS1pY29uLnBuZyUyMiUyMHdpZHRoJTNEJTIyMTAwJTIyJTIwaGVpZ2h0JTNEJTIyMTAwJTIyJTIwYWx0JTNEJTIyUExBWSUyMiUyMHN0eWxlJTNEJTIyb3BhY2l0eSUzQSUyMDAuNSUzQiUyMiUyMCUyRiUzRSUzQyUyRmElM0UlMEElM0MlMkZkaXYlM0UlMEElM0NkaXYlM0UlM0NhJTIwaHJlZiUzRCUyMmh0dHBzJTNBJTJGJTJGd3d3LnNjYm91cm5hay5jeiUyRmluZGV4LnBocCUyRmthbWVyYS11ZG9saWNrbyUyRiUyMiUzRSUzQ2klMjBjbGFzcyUzRCUyMmZhJTIwZmEtcGxheSUyMiUzRSUzQyUyRmklM0UlMjAlM0NzdHJvbmclM0UlQzUlQkRpdiVDMyVBOSUyMHZ5cyVDMyVBRGwlQzMlQTFuJUMzJUFEJTNDJTJGc3Ryb25nJTNFJTNDJTJGYSUzRSUzQyUyRmRpdiUzRSUwQSUzQ2RpdiUyMGlkJTNEJTIyc2NiLXRoZXJtby0xJTIyJTNFJTNDc3Ryb25nJTNFJTI2bmJzcCUzQiUzQyUyRnN0cm9uZyUzRSUzQyUyRmRpdiUzRSUwQSUzQyUyRmRpdiUzRSUwQSUzQyUyRmRpdiUzRSUwQSUwQSUzQ2RpdiUyMHN0eWxlJTNEJTIycGFkZGluZy1ib3R0b20lM0ElMjAxMHB4JTNCJTIwdGV4dC1hbGlnbiUzQWNlbnRlciUzQiUyMiUzRSUwQSUzQ2RpdiUyMGNsYXNzJTNEJTIydGl0bGUtc3VidGlsZS1ob2xkZXIlMjIlM0UlMEElM0NoMiUyMGNsYXNzJTNEJTIyc2VjdGlvbi10aXRsZSUyMGRhcmtfdGl0bGUlMjIlM0VNaWt1bG92JTJDJTIwQ3ZpJUM0JThEbiVDMyVBMSUyMGxvdWthJTNDJTJGaDElM0UlMEElM0NkaXYlMjBjbGFzcyUzRCUyMnNlY3Rpb24tYm9yZGVyJTIwZGFya19ib3JkZXIlMjIlM0UlM0MlMkZkaXYlM0UlMEElM0NkaXYlMjBzdHlsZSUzRCUyMndpZHRoJTNBJTIwMTAwJTI1JTNCJTIwcGFkZGluZyUzQSUyMDEwcHglMjAwcHglMjAxMHB4JTIwMHB4JTNCJTIwcG9zaXRpb24lM0ElMjByZWxhdGl2ZSUzQiUyMiUzRSUwQSUyMCUyMCUzQ2ElMjBocmVmJTNEJTIyaHR0cHMlM0ElMkYlMkZ3d3cuc2Nib3VybmFrLmN6JTJGaW5kZXgucGhwJTJGa2FtZXJhLWN2aWNuYS1sb3VrYSUyRiUyMiUzRSUzQ2ltZyUyMHNyYyUzRCUyMmh0dHBzJTNBJTJGJTJGd3d3LnNjYm91cm5hay5jeiUyRndwLWNvbnRlbnQlMkZ1cGxvYWRzJTJGMjAyMCUyRjExJTJGd2ViY2FtJTJGY3ZpY25hLWxvdWthLTY2MC5qcGclMjIlMjB3aWR0aCUzRCUyMjY0MCUyMiUyMGhlaWdodCUzRCUyMjM2MCUyMiUyMGFsdCUzRCUyMk1pa3Vsb3YlMkMlMjBDdmklQzQlOERuJUMzJUExJTIwbG91a2ElMjIlMjBzdHlsZSUzRCUyMmRpc3BsYXklM0ElMjBibG9jayUzQiUyMG1hcmdpbiUzQSUyMDAlMjBhdXRvJTNCJTIyJTIwJTJGJTNFJTNDJTJGYSUzRSUwQSUyMCUyMCUzQ2ElMjBocmVmJTNEJTIyaHR0cHMlM0ElMkYlMkZ3d3cuc2Nib3VybmFrLmN6JTJGaW5kZXgucGhwJTJGa2FtZXJhLWN2aWNuYS1sb3VrYSUyRiUyMiUyMHN0eWxlJTNEJTIycG9zaXRpb24lM0ElMjBhYnNvbHV0ZSUzQiUyMHRvcCUzQSUyMDUwJTI1JTNCJTIwbGVmdCUzQSUyMDUwJTI1JTNCJTIwdHJhbnNmb3JtJTNBJTIwdHJhbnNsYXRlJTI4LTUwJTI1JTJDJTIwLTUwJTI1JTI5JTNCJTIyJTNFJTNDaW1nJTIwc3JjJTNEJTIyaHR0cHMlM0ElMkYlMkZ3d3cuc2Nib3VybmFrLmN6JTJGd3AtY29udGVudCUyRnVwbG9hZHMlMkYyMDIwJTJGMTElMkZ3ZWJjYW0lMkZwbGF5LWljb24ucG5nJTIyJTIwd2lkdGglM0QlMjIxMDAlMjIlMjBoZWlnaHQlM0QlMjIxMDAlMjIlMjBhbHQlM0QlMjJQTEFZJTIyJTIwc3R5bGUlM0QlMjJvcGFjaXR5JTNBJTIwMC41JTNCJTIyJTIwJTJGJTNFJTNDJTJGYSUzRSUwQSUzQyUyRmRpdiUzRSUwQSUzQ2RpdiUzRSUzQ2ElMjBocmVmJTNEJTIyaHR0cHMlM0ElMkYlMkZ3d3cuc2Nib3VybmFrLmN6JTJGaW5kZXgucGhwJTJGa2FtZXJhLWN2aWNuYS1sb3VrYSUyRiUyMiUzRSUzQ2klMjBjbGFzcyUzRCUyMmZhJTIwZmEtcGxheSUyMiUzRSUzQyUyRmklM0UlMjAlM0NzdHJvbmclM0UlQzUlQkRpdiVDMyVBOSUyMHZ5cyVDMyVBRGwlQzMlQTFuJUMzJUFEJTNDJTJGc3Ryb25nJTNFJTNDJTJGYSUzRSUzQyUyRmRpdiUzRSUwQSUzQ2RpdiUyMGlkJTNEJTIyc2NiLXRoZXJtby0xJTIyJTNFJTNDc3Ryb25nJTNFJTI2bmJzcCUzQiUzQyUyRnN0cm9uZyUzRSUzQyUyRmRpdiUzRSUwQSUzQyUyRmRpdiUzRSUwQSUzQyUyRmRpdiUzRSUwQSUwQSUzQ2RpdiUyMHN0eWxlJTNEJTIycGFkZGluZy1ib3R0b20lM0ElMjAxMHB4JTNCJTIwdGV4dC1hbGlnbiUzQWNlbnRlciUzQiUyMiUzRSUwQSUzQ2RpdiUyMGNsYXNzJTNEJTIydGl0bGUtc3VidGlsZS1ob2xkZXIlMjIlM0UlMEElM0NoMiUyMGNsYXNzJTNEJTIyc2VjdGlvbi10aXRsZSUyMGRhcmtfdGl0bGUlMjIlM0VCb3UlQzUlOTklQzUlODglQzMlQTFrJTJDJTIwSHJvYnNrJUMzJUExJTIwc2plemRvdmthJTIwdmxlayUyMHYlQzMlQkRzdHVwJTNDJTJGaDElM0UlMEElM0NkaXYlMjBjbGFzcyUzRCUyMnNlY3Rpb24tYm9yZGVyJTIwZGFya19ib3JkZXIlMjIlM0UlM0MlMkZkaXYlM0UlMEElM0NkaXYlMjBzdHlsZSUzRCUyMndpZHRoJTNBJTIwMTAwJTI1JTNCJTIwcGFkZGluZyUzQSUyMDEwcHglMjAwcHglMjAxMHB4JTIwMHB4JTNCJTIwcG9zaXRpb24lM0ElMjByZWxhdGl2ZSUzQiUyMiUzRSUwQSUyMCUyMCUzQ2ElMjBocmVmJTNEJTIyaHR0cHMlM0ElMkYlMkZ3d3cuc2Nib3VybmFrLmN6JTJGaW5kZXgucGhwJTJGa2FtZXJhLWhyb2Jza2EtaG9ybmklMkYlMjIlM0UlM0NpbWclMjBzcmMlM0QlMjJodHRwcyUzQSUyRiUyRnd3dy5zY2JvdXJuYWsuY3olMkZ3cC1jb250ZW50JTJGdXBsb2FkcyUyRjIwMjAlMkYxMSUyRndlYmNhbSUyRmhyb2Jza2EtaG9ybmktNjYwLmpwZyUyMiUyMHdpZHRoJTNEJTIyNjQwJTIyJTIwaGVpZ2h0JTNEJTIyMzYwJTIyJTIwYWx0JTNEJTIyQm91JUM1JTk5JUM1JTg4JUMzJUExayUyQyUyMERvcHBlbG1heXIlMjB2JUMzJUJEc3R1cCUyMiUyMHN0eWxlJTNEJTIyZGlzcGxheSUzQSUyMGJsb2NrJTNCJTIwbWFyZ2luJTNBJTIwMCUyMGF1dG8lM0IlMjIlMjAlMkYlM0UlM0MlMkZhJTNFJTBBJTIwJTIwJTNDYSUyMGhyZWYlM0QlMjJodHRwcyUzQSUyRiUyRnd3dy5zY2JvdXJuYWsuY3olMkZpbmRleC5waHAlMkZrYW1lcmEtaHJvYnNrYS1ob3JuaSUyRiUyMiUyMHN0eWxlJTNEJTIycG9zaXRpb24lM0ElMjBhYnNvbHV0ZSUzQiUyMHRvcCUzQSUyMDUwJTI1JTNCJTIwbGVmdCUzQSUyMDUwJTI1JTNCJTIwdHJhbnNmb3JtJTNBJTIwdHJhbnNsYXRlJTI4LTUwJTI1JTJDJTIwLTUwJTI1JTI5JTNCJTIyJTNFJTNDaW1nJTIwc3JjJTNEJTIyaHR0cHMlM0ElMkYlMkZ3d3cuc2Nib3VybmFrLmN6JTJGd3AtY29udGVudCUyRnVwbG9hZHMlMkYyMDIwJTJGMTElMkZ3ZWJjYW0lMkZwbGF5LWljb24ucG5nJTIyJTIwd2lkdGglM0QlMjIxMDAlMjIlMjBoZWlnaHQlM0QlMjIxMDAlMjIlMjBhbHQlM0QlMjJQTEFZJTIyJTIwc3R5bGUlM0QlMjJvcGFjaXR5JTNBJTIwMC41JTNCJTIyJTIwJTJGJTNFJTNDJTJGYSUzRSUwQSUzQyUyRmRpdiUzRSUwQSUzQ2RpdiUzRSUzQ2ElMjBocmVmJTNEJTIyaHR0cHMlM0ElMkYlMkZ3d3cuc2Nib3VybmFrLmN6JTJGaW5kZXgucGhwJTJGa2FtZXJhLWhyb2Jza2EtaG9ybmklMkYlMjIlM0UlM0NpJTIwY2xhc3MlM0QlMjJmYSUyMGZhLXBsYXklMjIlM0UlM0MlMkZpJTNFJTIwJTNDc3Ryb25nJTNFJUM1JUJEaXYlQzMlQTklMjB2eXMlQzMlQURsJUMzJUExbiVDMyVBRCUzQyUyRnN0cm9uZyUzRSUzQyUyRmElM0UlM0MlMkZkaXYlM0UlMEElM0NkaXYlMjBpZCUzRCUyMnNjYi10aGVybW8tMyUyMiUzRSUzQ3N0cm9uZyUzRSUyNm5ic3AlM0IlM0MlMkZzdHJvbmclM0UlM0MlMkZkaXYlM0UlMEElM0MlMkZkaXYlM0UlMEElM0MlMkZkaXYlM0UlMEElMEElM0NkaXYlMjBzdHlsZSUzRCUyMnBhZGRpbmctYm90dG9tJTNBJTIwMTBweCUzQiUyMHRleHQtYWxpZ24lM0FjZW50ZXIlM0IlMjIlM0UlMEElM0NkaXYlMjBjbGFzcyUzRCUyMnRpdGxlLXN1YnRpbGUtaG9sZGVyJTIyJTNFJTBBJTNDaDIlMjBjbGFzcyUzRCUyMnNlY3Rpb24tdGl0bGUlMjBkYXJrX3RpdGxlJTIyJTNFSHJvYnNrJUMzJUExJTIwc2plemRvdmthJTJDJTIwdmxlayUyMG4lQzMlQTFzdHVwJTNDJTJGaDElM0UlMEElM0NkaXYlMjBjbGFzcyUzRCUyMnNlY3Rpb24tYm9yZGVyJTIwZGFya19ib3JkZXIlMjIlM0UlM0MlMkZkaXYlM0UlMEElM0NkaXYlMjBzdHlsZSUzRCUyMndpZHRoJTNBJTIwMTAwJTI1JTNCJTIwcGFkZGluZyUzQSUyMDEwcHglMjAwcHglMjAxMHB4JTIwMHB4JTNCJTIwcG9zaXRpb24lM0ElMjByZWxhdGl2ZSUzQiUyMiUzRSUwQSUyMCUyMCUzQ2ElMjBocmVmJTNEJTIyaHR0cHMlM0ElMkYlMkZ3d3cuc2Nib3VybmFrLmN6JTJGaW5kZXgucGhwJTJGa2FtZXJhLWhyb2Jza2EtZG9sbmklMkYlMjIlM0UlM0NpbWclMjBzcmMlM0QlMjJodHRwcyUzQSUyRiUyRnd3dy5zY2JvdXJuYWsuY3olMkZ3cC1jb250ZW50JTJGdXBsb2FkcyUyRjIwMjAlMkYxMSUyRndlYmNhbSUyRmhyb2Jza2EtZG9sbmktNjYwLmpwZyUyMiUyMHdpZHRoJTNEJTIyNjQwJTIyJTIwaGVpZ2h0JTNEJTIyMzYwJTIyJTIwYWx0JTNEJTIySHJvYnNrJUMzJUExJTIwc2plemRvdmthJTJDJTIwdmxlayUyMG4lQzMlQTFzdHVwJTIyJTIwc3R5bGUlM0QlMjJkaXNwbGF5JTNBJTIwYmxvY2slM0IlMjBtYXJnaW4lM0ElMjAwJTIwYXV0byUzQiUyMiUyMCUyRiUzRSUzQyUyRmElM0UlMEElMjAlMjAlM0NhJTIwaHJlZiUzRCUyMmh0dHBzJTNBJTJGJTJGd3d3LnNjYm91cm5hay5jeiUyRmluZGV4LnBocCUyRmthbWVyYS1ocm9ic2thLWRvbG5pJTJGJTIyJTIwc3R5bGUlM0QlMjJwb3NpdGlvbiUzQSUyMGFic29sdXRlJTNCJTIwdG9wJTNBJTIwNTAlMjUlM0IlMjBsZWZ0JTNBJTIwNTAlMjUlM0IlMjB0cmFuc2Zvcm0lM0ElMjB0cmFuc2xhdGUlMjgtNTAlMjUlMkMlMjAtNTAlMjUlMjklM0IlMjIlM0UlM0NpbWclMjBzcmMlM0QlMjJodHRwcyUzQSUyRiUyRnd3dy5zY2JvdXJuYWsuY3olMkZ3cC1jb250ZW50JTJGdXBsb2FkcyUyRjIwMjAlMkYxMSUyRndlYmNhbSUyRnBsYXktaWNvbi5wbmclMjIlMjB3aWR0aCUzRCUyMjEwMCUyMiUyMGhlaWdodCUzRCUyMjEwMCUyMiUyMGFsdCUzRCUyMlBMQVklMjIlMjBzdHlsZSUzRCUyMm9wYWNpdHklM0ElMjAwLjUlM0IlMjIlMjAlMkYlM0UlM0MlMkZhJTNFJTBBJTNDJTJGZGl2JTNFJTBBJTNDZGl2JTNFJTNDYSUyMGhyZWYlM0QlMjJodHRwcyUzQSUyRiUyRnd3dy5zY2JvdXJuYWsuY3olMkZpbmRleC5waHAlMkZrYW1lcmEtaHJvYnNrYS1kb2xuaSUyRiUyMiUzRSUzQ2klMjBjbGFzcyUzRCUyMmZhJTIwZmEtcGxheSUyMiUzRSUzQyUyRmklM0UlMjAlM0NzdHJvbmclM0UlQzUlQkRpdiVDMyVBOSUyMHZ5cyVDMyVBRGwlQzMlQTFuJUMzJUFEJTNDJTJGc3Ryb25nJTNFJTNDJTJGYSUzRSUzQyUyRmRpdiUzRSUwQSUzQ2RpdiUyMGlkJTNEJTIyc2NiLXRoZXJtby0yJTIyJTNFJTNDc3Ryb25nJTNFJTI2bmJzcCUzQiUzQyUyRnN0cm9uZyUzRSUzQyUyRmRpdiUzRSUwQSUzQyUyRmRpdiUzRSUwQSUzQyUyRmRpdiUzRSUwQQ==[\/vc_raw_js][\/vc_column][\/vc_row][vc_row][vc_column][vc_column_text]Powered by RTMP.cz[\/vc_column_text][\/vc_column][\/vc_row]<\/p>\n","protected":false},"author":1,"featured_media":0,"parent":0,"menu_order":0,"comment_status":"closed","ping_status":"closed","template":"","meta":{"ngg_post_thumbnail":0},"_links":{"self":[{"href":"https:\/\/www.scbournak.cz\/index.php\/wp-json\/wp\/v2\/pages\/8825"}],"collection":[{"href":"https:\/\/www.scbournak.cz\/index.php\/wp-json\/wp\/v2\/pages"}],"about":[{"href":"https:\/\/www.scbournak.cz\/index.php\/wp-json\/wp\/v2\/types\/page"}],"author":[{"embeddable":true,"href":"https:\/\/www.scbournak.cz\/index.php\/wp-json\/wp\/v2\/users\/1"}],"replies":[{"embeddable":true,"href":"https:\/\/www.scbournak.cz\/index.php\/wp-json\/wp\/v2\/comments?post=8825"}],"version-history":[{"count":109,"href":"https:\/\/www.scbournak.cz\/index.php\/wp-json\/wp\/v2\/pages\/8825\/revisions"}],"predecessor-version":[{"id":10252,"href":"https:\/\/www.scbournak.cz\/index.php\/wp-json\/wp\/v2\/pages\/8825\/revisions\/10252"}],"wp:attachment":[{"href":"https:\/\/www.scbournak.cz\/index.php\/wp-json\/wp\/v2\/media?parent=8825"}],"curies":[{"name":"wp","href":"https:\/\/api.w.org\/{rel}","templated":true}]}}