{"id":8858,"date":"2020-11-10T14:51:39","date_gmt":"2020-11-10T12:51:39","guid":{"rendered":"http:\/\/scbournak2.propc.cz\/?page_id=8858"},"modified":"2024-12-01T16:53:54","modified_gmt":"2024-12-01T14:53:54","slug":"sjezdovky","status":"publish","type":"page","link":"https:\/\/www.scbournak.cz\/index.php\/sjezdovky\/","title":{"rendered":"Sjezdovky"},"content":{"rendered":"<p>[vc_row][vc_column]<div class=\"title-subtile-holder\"><h1 class=\"section-title dark_title\">Sjezdov\u00e9 ly\u017eov\u00e1n\u00ed<\/h1><div class=\"section-border dark_border\"><\/div><div class=\"section-subtitle dark_subtitle\"><\/div><\/div>[vc_column_text]Jedn\u00edm z nejzn\u00e1m\u011bj\u0161\u00edch center sjezdov\u00e9ho ly\u017eov\u00e1n\u00ed v Kru\u0161n\u00fdch hor\u00e1ch je bezpochyby ly\u017ea\u0159sk\u00e9 st\u0159edisko na Bou\u0159\u0148\u00e1ku. Hora Bou\u0159\u0148\u00e1k (869 m n. m.) nab\u00edz\u00ed v zim\u011b v\u00fdborn\u00e9 sn\u011bhov\u00e9 podm\u00ednky a proto zde bylo postupn\u011b vybudov\u00e1no n\u011bkolik sjezdovek o celkov\u00e9 d\u00e9lce <strong>8,6 km<\/strong>. V sou\u010dasnosti je zde v provozu celkem <strong>\u0161est sjezdovek<\/strong> (2 lehk\u00e9, 3 st\u0159edn\u011b n\u00e1ro\u010dn\u00e9 a 1 t\u011b\u017ek\u00e1), kter\u00e9 jist\u011b uspokoj\u00ed jak za\u010d\u00ednaj\u00edc\u00ed, tak tak\u00e9 zku\u0161en\u00e9 ly\u017ea\u0159e.<\/p>\n<p>&nbsp;[\/vc_column_text][vc_column_text]M\u00edrn\u011b pokro\u010dil\u00ed ly\u017ea\u0159i se mohou zdokonalovat na Hrobsk\u00e9 sjezdovce, kter\u00e1 se jako jedin\u00e1 nach\u00e1z\u00ed na ji\u017en\u00edm svahu. Ale i&nbsp;n\u00e1ro\u010dn\u00ed ly\u017ea\u0159i zde ocen\u00ed v\u00fdjime\u010dn\u00fd pohled na malebnou krajinu \u010cesk\u00e9ho st\u0159edoho\u0159\u00ed. Zku\u0161en\u00ed borci mohou p\u0159edv\u00e9st sv\u00e9 schopnosti na slalomov\u00e9m svahu, kter\u00fd mimochodem&nbsp;<strong>pat\u0159\u00ed mezi nejstrm\u011bj\u0161\u00ed v&nbsp;\u010cesk\u00e9 republice<\/strong>. Rozmanit\u00fd profil zb\u00fdvaj\u00edc\u00edch t\u0159\u00ed sjezdovek nab\u00edz\u00ed nezapomenuteln\u00e9 ly\u017ea\u0159sk\u00e9 z\u00e1\u017eitky. Na sv\u00e9 si zde p\u0159ijdou tak\u00e9&nbsp;<strong>p\u0159\u00edznivci snowboardingu<\/strong>, pro kter\u00e9 je vybudov\u00e1n\u00e9 n\u011bkolik technick\u00fdch prvk\u016f v&nbsp;horn\u00ed \u010d\u00e1sti Hrobsk\u00e9 sjezdovky.[\/vc_column_text][\/vc_column][\/vc_row][vc_row disable_element=&#8221;yes&#8221;][vc_column][vc_raw_html]JTNDaWZyYW1lJTIwJTBBc3JjJTNEJTIyaHR0cHMlM0ElMkYlMkZpbnRtYXAuaG9saWRheWluZm8uY3olMkZ3ZWJtYXAucGhwJTNGbWFwbmFtZSUzRGJvdXJuYWslMjIlMjAlMEF3aWR0aCUzRCUyMjEwMCUyNSUyMiUyMCUwQWhlaWdodCUzRCUyMjYwMCUyMiUyMCUwQWFsbG93ZnVsbHNjcmVlbiUzRCUyN3RydWUlMjclMEElM0UlMEElM0MlMkZpZnJhbWUlM0U=[\/vc_raw_html][\/vc_column][\/vc_row][vc_row][vc_column][vc_single_image image=&#8221;9724&#8243; img_size=&#8221;full&#8221; alignment=&#8221;center&#8221; onclick=&#8221;custom_link&#8221; img_link_target=&#8221;_blank&#8221; title=&#8221;Mapa Sport Centra Bou\u0159\u0148\u00e1k&#8221; link=&#8221;https:\/\/intmap.holidayinfo.cz\/webmap.php?mapname=bournak&#8221;][vc_column_text]<\/p>\n<p style=\"text-align: center;\"><a href=\"https:\/\/intmap.holidayinfo.cz\/webmap.php?mapname=bournak\" target=\"_blank\" rel=\"noopener noreferrer\">Zobrazit interaktivn\u00ed mapu<\/a><\/p>\n<p>[\/vc_column_text][\/vc_column][\/vc_row][vc_row][vc_column][vc_column_text]\n<table id=\"tablepress-1\" class=\"tablepress tablepress-id-1\">\n<thead>\n<tr class=\"row-1\">\n\t<th class=\"column-1\">&nbsp;<\/th><th class=\"column-2\">N\u00e1zev<\/th><th class=\"column-3\">Obt\u00ed\u017enost<\/th><th class=\"column-4\">D\u00e9lka<\/th><th class=\"column-5\">P\u0159ev\u00fd\u0161en\u00ed<\/th><th class=\"column-6\">Vlek<\/th><th class=\"column-7\">Kapacita vleku<\/th>\n<\/tr>\n<\/thead>\n<tbody class=\"row-hover\">\n<tr class=\"row-2\">\n\t<td class=\"column-1\"><div class='numberHolder' style='background-color:black'>1<\/div><br \/>\n<\/td><td class=\"column-2\">Slalomov\u00fd svah<br \/>\n<\/td><td class=\"column-3\">t\u011b\u017ek\u00e1, osv\u011btlen\u00e1<\/td><td class=\"column-4\">880m<\/td><td class=\"column-5\">280m<\/td><td class=\"column-6\">Doppelmayr,<br \/>\nPoma H 210<\/td><td class=\"column-7\">1190 os\/hod.,<br \/>\n900 os\/hod.<\/td>\n<\/tr>\n<tr class=\"row-3\">\n\t<td class=\"column-1\"><div class='numberHolder' style='background-color:white;color:black;border-style: solid;border-width: 1px;border-color:gray;'>2<\/div><br \/>\n<\/td><td class=\"column-2\">b\u00fdval\u00e1 Star\u00e1 sjezdovka<br \/>\n<\/td><td class=\"column-3\">neupravovan\u00e1, neudr\u017eovan\u00e1<\/td><td class=\"column-4\">1 110m<\/td><td class=\"column-5\">280m<\/td><td class=\"column-6\"><\/td><td class=\"column-7\"><\/td>\n<\/tr>\n<tr class=\"row-4\">\n\t<td class=\"column-1\"><div class='numberHolder' style='background-color:red'>3<\/div><br \/>\n<\/td><td class=\"column-2\">Nov\u00e1 sjezdovka<br \/>\n<\/td><td class=\"column-3\">st\u0159edn\u00ed<\/td><td class=\"column-4\">1 200m\t<\/td><td class=\"column-5\">280m<\/td><td class=\"column-6\"><\/td><td class=\"column-7\"><\/td>\n<\/tr>\n<tr class=\"row-5\">\n\t<td class=\"column-1\"><div class='numberHolder' style='background-color:red'>4<\/div><br \/>\n<\/td><td class=\"column-2\">Pa\u0159ezovka<br \/>\n<\/td><td class=\"column-3\">st\u0159edn\u00ed<\/td><td class=\"column-4\">1 700m\t<\/td><td class=\"column-5\">280m<\/td><td class=\"column-6\"><\/td><td class=\"column-7\"><\/td>\n<\/tr>\n<tr class=\"row-6\">\n\t<td class=\"column-1\"><div class='numberHolder' style='background-color:DodgerBlue'>5<\/div><br \/>\n<\/td><td class=\"column-2\">Turistick\u00e1 sjezdovka<br \/>\n<\/td><td class=\"column-3\">lehk\u00e1<\/td><td class=\"column-4\">2 550m\t<\/td><td class=\"column-5\">280m<\/td><td class=\"column-6\"><\/td><td class=\"column-7\"><\/td>\n<\/tr>\n<tr class=\"row-7\">\n\t<td class=\"column-1\"><div class='numberHolder' style='background-color:red'>6<\/div><br \/>\n<\/td><td class=\"column-2\">Hrobsk\u00e1 sjezdovka<br \/>\n<\/td><td class=\"column-3\">st\u0159edn\u00ed, osv\u011btlen\u00e1<\/td><td class=\"column-4\">680m\t<\/td><td class=\"column-5\">140m<\/td><td class=\"column-6\">Poma F<\/td><td class=\"column-7\">500 os\/hod.<\/td>\n<\/tr>\n<tr class=\"row-8\">\n\t<td class=\"column-1\"><div class='numberHolder' style='background-color:DodgerBlue'>7<\/div><br \/>\n<\/td><td class=\"column-2\">Sjezdovka \u00dadol\u00ed\u010dko<\/td><td class=\"column-3\">lehk\u00e1, pro d\u011bti<\/td><td class=\"column-4\">320m<\/td><td class=\"column-5\">50m<\/td><td class=\"column-6\">Poma P<\/td><td class=\"column-7\">600 os\/hod.<\/td>\n<\/tr>\n<tr class=\"row-9\">\n\t<td class=\"column-1\"><div class='numberHolder' style='background-color:green'>+<\/div><br \/>\n<\/td><td class=\"column-2\">Cvi\u010dn\u00e1 louka<\/td><td class=\"column-3\">d\u011btsk\u00fd svah<\/td><td class=\"column-4\">130m<\/td><td class=\"column-5\"><\/td><td class=\"column-6\">Mikeska,<br \/>\nMichalek<\/td><td class=\"column-7\">do 400 os\/hod.,<br \/>\ndo 500 os\/hod.<\/td>\n<\/tr>\n<\/tbody>\n<\/table>\n<!-- #tablepress-1 from cache -->[\/vc_column_text][\/vc_column][\/vc_row]<\/p>\n","protected":false},"excerpt":{"rendered":"<p>[vc_row][vc_column][vc_column_text]Jedn\u00edm z nejzn\u00e1m\u011bj\u0161\u00edch center sjezdov\u00e9ho ly\u017eov\u00e1n\u00ed v Kru\u0161n\u00fdch hor\u00e1ch je bezpochyby ly\u017ea\u0159sk\u00e9 st\u0159edisko na Bou\u0159\u0148\u00e1ku. Hora Bou\u0159\u0148\u00e1k (869 m n. m.) nab\u00edz\u00ed v zim\u011b v\u00fdborn\u00e9 sn\u011bhov\u00e9 podm\u00ednky a proto zde bylo postupn\u011b vybudov\u00e1no n\u011bkolik sjezdovek o celkov\u00e9 d\u00e9lce 8,6 km. V sou\u010dasnosti je zde v provozu celkem \u0161est sjezdovek (2 lehk\u00e9, 3 st\u0159edn\u011b n\u00e1ro\u010dn\u00e9 a [&hellip;]<\/p>\n","protected":false},"author":1,"featured_media":0,"parent":0,"menu_order":0,"comment_status":"closed","ping_status":"closed","template":"","meta":{"ngg_post_thumbnail":0},"_links":{"self":[{"href":"https:\/\/www.scbournak.cz\/index.php\/wp-json\/wp\/v2\/pages\/8858"}],"collection":[{"href":"https:\/\/www.scbournak.cz\/index.php\/wp-json\/wp\/v2\/pages"}],"about":[{"href":"https:\/\/www.scbournak.cz\/index.php\/wp-json\/wp\/v2\/types\/page"}],"author":[{"embeddable":true,"href":"https:\/\/www.scbournak.cz\/index.php\/wp-json\/wp\/v2\/users\/1"}],"replies":[{"embeddable":true,"href":"https:\/\/www.scbournak.cz\/index.php\/wp-json\/wp\/v2\/comments?post=8858"}],"version-history":[{"count":37,"href":"https:\/\/www.scbournak.cz\/index.php\/wp-json\/wp\/v2\/pages\/8858\/revisions"}],"predecessor-version":[{"id":10293,"href":"https:\/\/www.scbournak.cz\/index.php\/wp-json\/wp\/v2\/pages\/8858\/revisions\/10293"}],"wp:attachment":[{"href":"https:\/\/www.scbournak.cz\/index.php\/wp-json\/wp\/v2\/media?parent=8858"}],"curies":[{"name":"wp","href":"https:\/\/api.w.org\/{rel}","templated":true}]}}