{"id":8921,"date":"2020-11-22T13:08:39","date_gmt":"2020-11-22T11:08:39","guid":{"rendered":"http:\/\/scbournak2.propc.cz\/?page_id=8921"},"modified":"2025-11-28T12:14:05","modified_gmt":"2025-11-28T10:14:05","slug":"vyrocni-zprava","status":"publish","type":"page","link":"https:\/\/www.scbournak.cz\/index.php\/vyrocni-zprava\/","title":{"rendered":"V\u00fdro\u010dn\u00ed zpr\u00e1va"},"content":{"rendered":"\n<p style=\"text-align: center;\"><strong>Sport Centrum Bou\u0159\u0148\u00e1k z.\u00fa.<\/strong><br>K Vleku 54, 419 01 Mikulov<\/p>\n<h2 style=\"text-align: center;\">Sport Centrum Bou\u0159\u0148\u00e1k z.\u00fa.<br>V\u00fdro\u010dn\u00ed zpr\u00e1va obecn\u011b prosp\u011b\u0161n\u00e9 spole\u010dnosti<\/h2>\n<h3 style=\"text-align: center;\">Sezona 2023-2024<\/h3>\n<p>&nbsp;<\/p>\n<p>V Mikulov\u011b dne 13.12.2024<\/p>\n<p>&nbsp;<\/p>\n<div style=\"display:flex; flex-direction:row;\">\n<div style=\"display:block; text-align:left; width:40%;\">I\u010c: 25 41 91 61<\/div>\n<div style=\"display:block; text-align:right; width:60%\">Bankovn\u00ed spojen\u00ed: \u010d.\u00fa 123-7300520237 \/0100<\/div>\n<\/div>\n<div style=\"display:flex; flex-direction:row;\">\n<div style=\"display:block; text-align:left; width:40%\">Mail: info@scbournak.cz<\/div>\n<div style=\"display:block; text-align:right; width:60%\">www.scbournak.cz<\/div>\n<\/div>\n<p>&nbsp;<\/p>\n\n<hr>\n\n<h3 style=\"text-align: center;\">V\u00fdro\u010dn\u00ed zpr\u00e1va obecn\u011b prosp\u011b\u0161n\u00e9 spole\u010dnosti<\/h3>\n<h3 style=\"text-align: center;\">Sport Centrum Bou\u0159\u0148\u00e1k z.\u00fa.<\/h3>\n<p style=\"text-align: center;\"><strong>za obdob\u00ed od 1.11.2023 do 31.10.2024<\/strong><\/p>\n<p style=\"text-align: center;\"><strong>Sestaven\u00e1 dle \u00a7 21 z\u00e1kona \u010d. 248\/1995 Sb., o obecn\u011b prosp\u011b\u0161n\u00fdch spole\u010dnostech a o zm\u011bn\u011b a dopln\u011bn\u00ed n\u011bkter\u00fdch z\u00e1kon\u016f<\/strong><\/p>\n<p>&nbsp;<\/p>\n<h2>OBSAH<\/h2>\n<ol>\n<li>Obecn\u00e9 \u00fadaje<\/li>\n<li>Informace o \u010dinnostech v \u00fa\u010detn\u00edm obdob\u00ed<\/li>\n<li>Dal\u0161\u00ed informace<\/li>\n<li>P\u0159\u00edlohy<\/li>\n<\/ol>\n<p>&nbsp;<\/p>\n<h2>1. Obecn\u00e9 \u00fadaje<\/h2>\n<p><strong>S\u00eddlo spole\u010dnosti:<\/strong> Mikulov K Vleku 54, Mikulov 419 01<\/p>\n<p><strong>Zakladatel\u00e9:<\/strong> Spole\u010dnost PH-Real a.s., Teplice, Krupsk\u00e1 17\/29, I\u010cO: 27339211<\/p>\n<p><strong>Spr\u00e1vn\u00ed rada:<\/strong><\/p>\n<p>Na po\u010d\u00e1tku obdob\u00ed<\/p>\n<table>\n<tbody>\n<tr>\n<th>p\u0159\u00edjmen\u00ed<\/th>\n<th>jm\u00e9no<\/th>\n<th>funkce<\/th>\n<\/tr>\n<tr>\n<td style=\"text-align:left;\">Benda Ing.<\/td>\n<td style=\"text-align:left;\">Petr<\/td>\n<td style=\"text-align:left;\">p\u0159edseda spr\u00e1vn\u00ed rady<\/td>\n<\/tr>\n<tr>\n<td style=\"text-align:left;\">Bubla<\/td>\n<td style=\"text-align:left;\">Ji\u0159\u00ed<\/td>\n<td style=\"text-align:left;\">\u010dlen spr\u00e1vn\u00ed rady<\/td>\n<\/tr>\n<tr>\n<td style=\"text-align:left;\">Gruncl<\/td>\n<td style=\"text-align:left;\">Zden\u011bk<\/td>\n<td style=\"text-align:left;\">\u010dlen spr\u00e1vn\u00ed rady<\/td>\n<\/tr>\n<\/tbody>\n<\/table>\n<p>Na konci obdob\u00ed<\/p>\n<table>\n<tbody>\n<tr>\n<th>p\u0159\u00edjmen\u00ed<\/th>\n<th>jm\u00e9no<\/th>\n<th>funkce<\/th>\n<\/tr>\n<tr>\n<td style=\"text-align:left;\">Benda Ing.<\/td>\n<td style=\"text-align:left;\">Petr<\/td>\n<td style=\"text-align:left;\">p\u0159edseda spr\u00e1vn\u00ed rady<\/td>\n<\/tr>\n<tr>\n<td style=\"text-align:left;\">Bubla<\/td>\n<td style=\"text-align:left;\">Ji\u0159\u00ed<\/td>\n<td style=\"text-align:left;\">\u010dlen spr\u00e1vn\u00ed rady<\/td>\n<\/tr>\n<tr>\n<td style=\"text-align:left;\">Gruncl<\/td>\n<td style=\"text-align:left;\">Zden\u011bk<\/td>\n<td style=\"text-align:left;\">\u010dlen spr\u00e1vn\u00ed rady<\/td>\n<\/tr>\n<\/tbody>\n<\/table>\n<p>&nbsp;<\/p>\n<p><strong>Dozor\u010d\u00ed rada:<\/strong><\/p>\n<p>Na po\u010d\u00e1tku \u00fa\u010detn\u00edho obdob\u00ed<\/p>\n<table>\n<tbody>\n<tr>\n<th>p\u0159\u00edjmen\u00ed<\/th>\n<th>jm\u00e9no<\/th>\n<th>funkce<\/th>\n<\/tr>\n<tr>\n<td style=\"text-align:left;\">Benda Mgr.<\/td>\n<td style=\"text-align:left;\">Jan<\/td>\n<td style=\"text-align:left;\">p\u0159edseda dozor\u010d\u00ed rady<\/td>\n<\/tr>\n<tr>\n<td style=\"text-align:left;\">Jarosil<\/td>\n<td style=\"text-align:left;\">Pavel<\/td>\n<td style=\"text-align:left;\">\u010dlen dozor\u010d\u00ed rady<\/td>\n<\/tr>\n<tr>\n<td style=\"text-align:left;\">Chv\u00e1talov\u00e1<\/td>\n<td style=\"text-align:left;\">V\u011bra<\/td>\n<td style=\"text-align:left;\">\u010dlen dozor\u010d\u00ed rady<\/td>\n<\/tr>\n<\/tbody>\n<\/table>\n<p>Na konci \u00fa\u010detn\u00edho obdob\u00ed<\/p>\n<table>\n<tbody>\n<tr>\n<th>p\u0159\u00edjmen\u00ed<\/th>\n<th>jm\u00e9no<\/th>\n<th>funkce<\/th>\n<\/tr>\n<tr>\n<td style=\"text-align:left;\">Benda Mgr.<\/td>\n<td style=\"text-align:left;\">Jan<\/td>\n<td style=\"text-align:left;\">p\u0159edseda dozor\u010d\u00ed rady<\/td>\n<\/tr>\n<tr>\n<td style=\"text-align:left;\">Jarosil<\/td>\n<td style=\"text-align:left;\">Pavel<\/td>\n<td style=\"text-align:left;\">\u010dlen dozor\u010d\u00ed rady<\/td>\n<\/tr>\n<tr>\n<td style=\"text-align:left;\">Chv\u00e1talov\u00e1<\/td>\n<td style=\"text-align:left;\">V\u011bra<\/td>\n<td style=\"text-align:left;\">\u010dlen dozor\u010d\u00ed rady<\/td>\n<\/tr>\n<\/tbody>\n<\/table>\n<p>&nbsp;<\/p>\n<p><strong>Statut\u00e1rn\u00ed org\u00e1n &#8211; \u0159editel:<\/strong><\/p>\n<p>Na po\u010d\u00e1tku \u00fa\u010detn\u00edho obdob\u00ed<\/p>\n<table>\n<tbody>\n<tr>\n<th>p\u0159\u00edjmen\u00ed<\/th>\n<th>jm\u00e9no<\/th>\n<th>funkce<\/th>\n<\/tr>\n<tr>\n<td style=\"text-align:left;\">Andres<\/td>\n<td style=\"text-align:left;\">Jaroslav<\/td>\n<td style=\"text-align:left;\">\u0159editel<\/td>\n<\/tr>\n<\/tbody>\n<\/table>\n<p>Na konci \u00fa\u010detn\u00edho obdob\u00ed<\/p>\n<table>\n<tbody>\n<tr>\n<th>p\u0159\u00edjmen\u00ed<\/th>\n<th>jm\u00e9no<\/th>\n<th>funkce<\/th>\n<\/tr>\n<tr>\n<td style=\"text-align:left;\">Andres<\/td>\n<td style=\"text-align:left;\">Jaroslav<\/td>\n<td style=\"text-align:left;\">\u0159editel<\/td>\n<\/tr>\n<\/tbody>\n<\/table>\n<p>&nbsp;<\/p>\n\n<h2>2. Informace o \u010dinnostech v \u00fa\u010detn\u00edm obdob\u00ed<\/h2>\n<p style=\"text-align: justify;\">Spole\u010dnost Sport Centrum Bou\u0159\u0148\u00e1k z.\u00fa. je obecn\u011b prosp\u011b\u0161nou spole\u010dnost\u00ed, kter\u00e1 vykon\u00e1v\u00e1 svou \u010dinnost a slu\u017eby p\u0159edev\u0161\u00edm ve sportovn\u00edm are\u00e1lu nach\u00e1zej\u00edc\u00edm se mezi obcemi Mikulov a Nov\u00e9 M\u011bsto na Moldav\u011b. Jedn\u00e1 se o rozs\u00e1hl\u00fd p\u0159\u00edrodn\u00ed are\u00e1l, jeho\u017e p\u0159irozen\u00fdm st\u0159edem je hora Bou\u0159\u0148\u00e1k.<\/p>\n\n<p style=\"text-align: justify;\">Sou\u010d\u00e1st\u00ed sportcentra je n\u011bkolik kilometr\u016f turistick\u00fdch a cykloturistick\u00fdch tras se zna\u010dn\u00fdm p\u0159ev\u00fd\u0161en\u00edm. Trasy jsou vedeny po zna\u010den\u00fdch cest\u00e1ch lesn\u00edmi porosty a loukami. V are\u00e1lu se nach\u00e1z\u00ed ly\u017ea\u0159sk\u00e9 st\u0159edisko se 6 sjezdovkami r\u016fzn\u00e9 obt\u00ed\u017enosti a cvi\u010dnou loukou pro d\u011bti. Tak\u00e9 j\u00edm proch\u00e1z\u00ed n\u011bkolik kilometr\u016f zimn\u00edch b\u011b\u017eka\u0159sk\u00fdch trat\u00ed. Cel\u00fd are\u00e1l sportovn\u00edho centra je ur\u010den pro celoro\u010dn\u00ed provoz a p\u0159\u00edstup ve\u0159ejnosti nen\u00ed omezen.<\/p>\n\n<p style=\"text-align: justify;\">Are\u00e1l je um\u00edst\u011bn v katastru obc\u00ed Mikulov a Moldava v okrese Teplice. V uveden\u00e9m obdob\u00ed se nad\u00e1le rozv\u00edjela vz\u00e1jemn\u011b prosp\u011b\u0161n\u00e1 spolupr\u00e1ce s ob\u011bma obcemi. Prob\u00edhala jedn\u00e1n\u00ed mezi veden\u00edm sportcentra a starosty obou obc\u00ed za \u00fa\u010delem zkvalitn\u011bn\u00ed slu\u017eeb pro n\u00e1v\u0161t\u011bvn\u00edky t\u00e9to oblasti. Rovn\u011b\u017e byly projedn\u00e1ny p\u0159ipom\u00ednky t\u00fdkaj\u00edc\u00ed se z\u00e1m\u011bru Vl\u00e1dy \u010cR vyhl\u00e1sit Chr\u00e1n\u011bnou krajinnou oblast Kru\u0161n\u00e9 hory, do kter\u00e9 jsou zahrnuty rovn\u011b\u017e pozemky, na kter\u00fdch vyv\u00edj\u00ed \u010dinnosti na\u0161e sportcentrum.<\/p>\n\n<p style=\"text-align: justify;\">Ve\u0161ker\u00e1 \u010dinnost v \u00fa\u010detn\u00edm obdob\u00ed byla zam\u011b\u0159ena na zaji\u0161t\u011bn\u00ed \u00fa\u010delu poskytovan\u00fdch obecn\u011b prosp\u011b\u0161n\u00fdch slu\u017eeb. C\u00edlem bylo jejich zkvalit\u0148ov\u00e1n\u00ed a roz\u0161i\u0159ov\u00e1n\u00ed ke zvy\u0161ov\u00e1n\u00ed spokojenosti \u0161irok\u00e9 ve\u0159ejnosti vyu\u017e\u00edvaj\u00edc\u00ed poskytovan\u00e9 slu\u017eby.<\/p>\n\n<p style=\"text-align: justify;\">N\u00e1v\u0161t\u011bvn\u00edci sportcentra vyu\u017e\u00edvaj\u00ed are\u00e1l celoro\u010dn\u011b. Podle druhu provozovan\u00fdch obecn\u011b prosp\u011b\u0161n\u00fdch slu\u017eeb a dopl\u0148kov\u00e9 \u010dinnosti lze praktick\u00fd v\u00fdkon \u010dinnost\u00ed rozd\u011blit do dvou obdob\u00ed. Jedn\u00e1 se o obdob\u00ed ly\u017ea\u0159sk\u00e9 sez\u00f3ny (zimn\u00ed obdob\u00ed) a obdob\u00ed vhodn\u00e9 pro venkovn\u00ed (outdoorov\u00e9) aktivity jako je p\u011b\u0161\u00ed turistika (hiking, d\u00e1lkov\u00e9 pochody, v\u00fdstupy a b\u011bh do vrchu), cykloturistika (horsk\u00e1 i b\u011b\u017en\u00e1 cestovn\u00ed, v\u010detn\u011b elektrokol) a dal\u0161\u00ed sportovn\u00ed aktivity provozovan\u00e9 p\u0159ev\u00e1\u017en\u011b mimo ly\u017ea\u0159skou sez\u00f3nu. Are\u00e1l sportcentra vyu\u017e\u00edvali v uveden\u00e9m obdob\u00ed pro svou pravidelnou t\u011blesnou a odbornou p\u0159\u00edpravu \u010dlenov\u00e9 integrovan\u00e9ho z\u00e1chrann\u00e9ho syst\u00e9mu, p\u0159edev\u0161\u00edm p\u0159\u00edslu\u0161n\u00edci Policie \u010cR, Hasi\u010dsk\u00e9ho z\u00e1chrann\u00e9ho sboru \u010cR a Horsk\u00e9 slu\u017eby \u010cR. Sportcentrum bylo vyu\u017eito pro po\u0159\u00e1d\u00e1n\u00ed turistick\u00fdch a sportovn\u00edch akc\u00ed pro ve\u0159ejnost dal\u0161\u00edmi neziskov\u00fdmi organizacemi. Ve sportcentru se konal pravideln\u00fd b\u011b\u017eeck\u00fd z\u00e1vod MUTR &#8211; Mikulovsk\u00fd Ultra Trail Run. Are\u00e1l bych v zimn\u00edch obdob\u00ed vyu\u017e\u00edv\u00e1n k ly\u017ea\u0159sk\u00e9mu v\u00fdcviku \u017e\u00e1k\u016f a student\u016f z\u00e1kladn\u00edch a st\u0159edn\u00edch \u0161kol. S obc\u00ed Mikulov jsme se pod\u00edleli na po\u0159\u00e1d\u00e1n\u00ed pravideln\u00fdch Mikulovsk\u00fdch slavnost\u00ed.<\/p>\n\n<p style=\"text-align: justify;\">\u010cinnost sportcentra byla zam\u011b\u0159ena na zaji\u0161t\u011bn\u00ed slu\u017eeb a na zaji\u0161t\u011bn\u00ed \u00fadr\u017eby technick\u00fdch za\u0159\u00edzen\u00ed, objekt\u016f, pr\u016fchodnosti cest, \u00faklidu apod. Ned\u00edlnou sou\u010d\u00e1st\u00ed \u010dinnosti bylo i informov\u00e1n\u00ed ve\u0159ejnosti o mo\u017enostech vyu\u017eit\u00ed nab\u00eddky cel\u00e9ho are\u00e1lu.<\/p>\n\n<p style=\"text-align: justify;\">Pro kvalitn\u00ed orientaci n\u00e1v\u0161t\u011bvn\u00edk\u016f byly prov\u00e1d\u011bny \u010dinnosti k zaji\u0161t\u011bn\u00ed \u00fadr\u017eby a zna\u010den\u00ed turistick\u00fdch cest, cyklotras a dal\u0161\u00edch ozna\u010dn\u00edk\u016f cest nach\u00e1zej\u00edc\u00edch se v are\u00e1lu sportcentra. Bylo opraveno zna\u010den\u00ed a jeho zviditeln\u011bn\u00ed. Byla prov\u00e1d\u011bna \u00fadr\u017eba a roz\u0161i\u0159ov\u00e1n\u00ed webov\u00fdch str\u00e1nek, facebookov\u00e9ho profilu a instagramov\u00e9ho \u00fa\u010dtu sportcentra. To v\u0161e za \u00fa\u010delem zv\u00fd\u0161en\u00ed informovanosti a zlep\u0161en\u00ed orientace n\u00e1v\u0161t\u011bvn\u00edk\u016f are\u00e1lu. Na\u0161i spolupracovn\u00edci v pr\u016fb\u011bhu cel\u00e9ho obdob\u00ed elektronicky i osobn\u011b komunikovali s ve\u0159ejnost\u00ed o mo\u017enostech na\u0161eho sportovn\u00edho centra, o aktu\u00e1ln\u00edm d\u011bn\u00ed v n\u011bm, o chystan\u00fdch novink\u00e1ch a p\u0159ipravovan\u00fdch akc\u00edch.<\/p>\n\n<p style=\"text-align: justify;\">Are\u00e1l sportcentra byl vybaven kamerov\u00fdm syst\u00e9mem, kter\u00fd je on-line p\u0159\u00edstupn\u00fd ve\u0159ejnosti skrze webov\u00e9 str\u00e1nky a facebookov\u00fd profil.<\/p>\n\n<p style=\"text-align: justify;\">Pro ly\u017ea\u0159skou sez\u00f3nu bylo p\u0159ipravov\u00e1no k provozu 6 ly\u017ea\u0159sk\u00fdch vlek\u016f. Prob\u011bhlo za\u0161kolen\u00ed a odborn\u00e1 p\u0159\u00edprava pracovn\u00edk\u016f obsluh ly\u017ea\u0159sk\u00fdch vlek\u016f. Rovn\u011b\u017e tak pracovn\u00edk\u016f obsluhuj\u00edc\u00edch pokladn\u00ed syst\u00e9my. Provedla se aktualizace pou\u017e\u00edvan\u00e9ho pokladn\u00edho syst\u00e9mu v\u010detn\u011b turniket\u016f, software i hardware. Do\u0161lo k oprav\u011b a nutn\u00e9 \u00fadr\u017eb\u011b osv\u011btlen\u00ed sjezdovek. Byla provedena \u00fadr\u017eba ly\u017ea\u0159sk\u00fdch vlek\u016f Tatrapoma, H210 a Doppelmeyer. Byly provedeny kontroly vle\u010dn\u00fdch lan u ly\u017ea\u0159sk\u00fdch vlek\u016f. Byly provedeny revize a zkou\u0161ky mechanick\u00fdch i elektromechanick\u00fdch sou\u010d\u00e1st\u00ed vlek\u016f v\u010detn\u011b elektronick\u00e9ho ovl\u00e1d\u00e1n\u00ed vlek\u016f.<\/p>\n\n<p style=\"text-align: justify;\">Za \u00fa\u010delem zasn\u011b\u017eov\u00e1n\u00ed sjezdov\u00fdch trat\u00ed na sjezdovk\u00e1ch: Hrobsk\u00e1, Slalom\u00e1k, Cvi\u010dn\u00e1 louka a \u00dadol\u00ed\u010dko byly provedeny \u00fadr\u017eby hydrobox\u016f a p\u0159\u00edvodn\u00edch hadic k zasn\u011b\u017eovac\u00edm za\u0159\u00edzen\u00edm. Byly provedeny opravy zasn\u011b\u017eovac\u00edch syst\u00e9m\u016f, v\u010detn\u011b jejich reviz\u00ed. Technologie \u010derpac\u00ed stanice pro\u0161la d\u016fkladnou \u00fadr\u017ebou. Byly provedeny nutn\u00e9 pr\u00e1ce p\u0159i \u00fadr\u017eb\u011b obou provozovan\u00fdch sn\u011bhov\u00fdch roleb a v\u00edce\u00fa\u010delov\u00e9 \u010dty\u0159kolce slou\u017e\u00edc\u00ed k zimn\u00edmu i letn\u00edmu provozu. Provedena byla tak\u00e9 \u00fadr\u017eba na sn\u011bhov\u00e9 fr\u00e9ze.<\/p>\n\n<p style=\"text-align: justify;\">Pro \u00fa\u010dely sportcentra byla provozov\u00e1na p\u016fj\u010dovna ly\u017ea\u0159sk\u00fdch pot\u0159eb a vybaven\u00ed. P\u016fj\u010dovna byla vybavena \u0159\u00e1dn\u00fdm ozna\u010den\u00edm v\u010detn\u011b informac\u00ed pro ve\u0159ejnost. P\u016fj\u010dovna slou\u017eila ve\u0159ejnosti po celou ly\u017ea\u0159skou sez\u00f3nu.<\/p>\n\n<p style=\"text-align: justify;\">Velk\u00e1 pozornost byla v\u011bnov\u00e1na \u00fadr\u017eb\u011b nemovit\u00e9ho majetku slou\u017e\u00edc\u00edho pro ve\u0159ejnost (oh\u0159\u00edv\u00e1rny, toalety, pokladny atd.). Provedly se pr\u00e1ce p\u0159i \u00fadr\u017eb\u011b elektroinstalaci, topen\u00ed.<\/p>\n\n<p style=\"text-align: justify;\">Byly provedeny p\u0159i ut\u011bsn\u011bn\u00ed vodn\u00edch zadr\u017eovac\u00edch n\u00e1dr\u017e\u00ed, slou\u017e\u00edc\u00edch pro zadr\u017een\u00ed vody v krajin\u011b a pro z\u00e1sobov\u00e1n\u00ed zasn\u011b\u017eovac\u00edch syst\u00e9m\u016f. Byly pro\u010di\u0161t\u011bny n\u00e1toky i v\u00fdtoky t\u011bchto n\u00e1dr\u017e\u00ed v \u00dadol\u00ed\u010dku a v Mikulov\u011b. Byla provedena nutn\u00e1 \u00fadr\u017eba p\u0159\u00edjezdov\u00fdch komunikac\u00ed p\u0159edev\u0161\u00edm k vrcholu hory Bou\u0159\u0148\u00e1k.<\/p>\n\n<p style=\"text-align: justify;\">V cel\u00e9m \u00fa\u010detn\u00edm obdob\u00ed byla pr\u016fb\u011b\u017en\u011b prov\u00e1d\u011bna \u00fadr\u017eba a revize technick\u00fdch za\u0159\u00edzen\u00ed (zejm\u00e9na bezpe\u010dnostn\u00edch prvk\u016f) a \u00fadr\u017eba movit\u00e9ho a nemovit\u00e9ho majetku. Byly provedeny nutn\u00e9 prohl\u00eddky a revize k zaji\u0161t\u011bn\u00ed po\u017e\u00e1rn\u00ed ochrany.<\/p>\n\n<p style=\"text-align: justify;\">Bylo prov\u00e1d\u011bno odstran\u011bn\u00ed n\u00e1letov\u00fdch d\u0159evin. Pro\u0159ezem n\u00e1letov\u00fdch k\u0159ovin jsme zpr\u016fchod\u0148ovali turistick\u00e9 a ostatn\u00ed cesty, v\u010detn\u011b cest pro cykloturistiku. Pravideln\u011b bylo prov\u00e1d\u011bno se\u010den\u00ed a mul\u010dov\u00e1n\u00ed travn\u00edch porost\u016f. Byla opravov\u00e1na oplocen\u00ed zaji\u0161\u0165uj\u00edc\u00ed zabezpe\u010den\u00ed vodn\u00edch tok\u016f a m\u016fstk\u016f jak pro p\u011b\u0161\u00ed, tak i pro cyklisty a ly\u017ea\u0159e. Bylo prov\u00e1d\u011bno odstran\u011bn\u00ed d\u0159evin ohro\u017euj\u00edc\u00edch mo\u017en\u00fdm p\u00e1dem bezpe\u010dnost n\u00e1v\u0161t\u011bvn\u00edk\u016f. Rovn\u011b\u017e bylo v cel\u00e9m are\u00e1lu opravov\u00e1no bezpe\u010dnostn\u011b-informa\u010dn\u00ed zna\u010den\u00ed upozor\u0148uj\u00edc\u00ed na mo\u017en\u00e1 rizika p\u0159edev\u0161\u00edm p\u0159i sjezdov\u00e9m ly\u017eov\u00e1n\u00ed a v souvislosti s t\u00edm i pohybem dal\u0161\u00edch osob. Na cest\u00e1ch byly odstra\u0148ov\u00e1ny kameny, kter\u00e9 znesnad\u0148ovaly bezpe\u010dn\u00fd pohyb turist\u016f a ly\u017ea\u0159\u016f.<\/p>\n\n<p style=\"text-align: justify;\">Pro ve\u0159ejnost byly udr\u017eov\u00e1ny \u00fatulny s oh\u0159\u00edv\u00e1rnou u horn\u00ed stanice vleku sjezdovky Hrobsk\u00e1 p\u0159i vrcholu hory Bou\u0159\u0148\u00e1k a u doln\u00ed stanice vleku sjezdovky \u00dadol\u00ed\u010dko v Mikulov\u011b. Pro ve\u0159ejnost byly bezplatn\u00e9 k dispozici toalety. Pro motorizovan\u00e9 n\u00e1v\u0161t\u011bvn\u00edky are\u00e1lu byla k dispozici bezplatn\u00e1 m\u00edsta k parkov\u00e1n\u00ed v Mikulov\u011b i p\u0159i komunikaci z Nov\u00e9ho M\u011bsta k vrcholu hory Bou\u0159\u0148\u00e1k.<\/p>\n\n<p style=\"text-align: justify;\">Celoro\u010dn\u011b byl pr\u016fb\u011b\u017en\u011b v cel\u00e9m are\u00e1lu prov\u00e1d\u011bn \u00faklid zaji\u0161\u0165uj\u00edc\u00ed po\u0159\u00e1dek jak v p\u0159\u00edrod\u011b, tak i v okol\u00ed nemovitost\u00ed kam m\u00e1 p\u0159\u00edstup ve\u0159ejnost.<\/p>\n\n<p style=\"text-align: justify;\">V pr\u016fb\u011bhu uveden\u00e9ho obdob\u00ed se na\u0161\u00ed spole\u010dnosti poda\u0159ilo z\u00edskat dostatek finan\u010dn\u00edch dar\u016f, kter\u00e9 umo\u017enily zajistit nejenom celoro\u010dn\u00ed provoz sportcentra, ale p\u0159edev\u0161\u00edm uzav\u0159\u00edt smlouvu o koupi pozemk\u016f, kter\u00e9 vedou k dal\u0161\u00edmu scelov\u00e1n\u00ed are\u00e1lu, na kter\u00e9m provozujem na\u0161i \u010dinnost. Jejich po\u0159\u00edzen\u00ed v budoucnu sn\u00ed\u017e\u00ed provozn\u00ed n\u00e1klady na\u0161\u00ed spole\u010dnosti a umo\u017en\u00ed rozvoj a modernizaci sportcentra. V neposledn\u00ed \u0159ad\u011b roz\u0161\u00ed\u0159\u00ed varianty a mno\u017estv\u00ed dal\u0161\u00edch aktivit k zaji\u0161t\u011bn\u00ed \u00fa\u010delu poskytovan\u00fdch slu\u017eeb.<\/p>\n\n<h3>Sjezdov\u00e9 ly\u017eov\u00e1n\u00ed<\/h3>\n\n<p style=\"text-align: justify;\">V ly\u017ea\u0159sk\u00e9 sez\u00f3n\u011b provozujeme 6 ly\u017ea\u0159sk\u00fdch vlek\u016f. Zasn\u011b\u017eujeme sjezdov\u00e9 trat\u011b na sjezdovk\u00e1ch: Hrobsk\u00e1, Slalom\u00e1k, Cvi\u010dn\u00e1 louka a \u00dadol\u00ed\u010dko.<\/p>\n\n<p style=\"text-align: justify;\">Zimn\u00ed sezona 2023\/24 byla zah\u00e1jena 1.12.2023 a ukon\u010dena 21.1.2024, z d\u016fvodu nep\u0159\u00edzniv\u00fdch klimatick\u00fdch podm\u00ednek nebyl are\u00e1l v provozu po celou dobu sezony.<\/p>\n\n<h3>Ostatn\u00ed \u010dinnosti<\/h3>\n\n<p style=\"text-align: justify;\">V are\u00e1lu spole\u010dnosti a jeho p\u0159ilehl\u00e9m okol\u00ed se po\u0159\u00e1daj\u00ed tak\u00e9 akce jin\u00fdch organiz\u00e1tor\u016f.<\/p>\n<p>&nbsp;<\/p>\n\n<h2>3. Dal\u0161\u00ed informace<\/h2>\n\n<h3>P\u0159edm\u011bt \u010dinnosti:<\/h3>\n<h4>Obecn\u011b prosp\u011b\u0161n\u00e1 spole\u010dnost:<\/h4>\n<p>Provozov\u00e1n\u00ed t\u011blov\u00fdchovn\u00fdch za\u0159\u00edzen\u00ed, sjezdov\u00fdch trat\u00ed, b\u011b\u017eeck\u00fdch trat\u00ed, ly\u017ea\u0159sk\u00fdch vlek\u016f, cyklotras a v\u00edce\u00fa\u010delov\u00fdch sportovi\u0161\u0165.<\/p>\n<p>Poskytov\u00e1n\u00ed t\u011blov\u00fdchovn\u00fdch slu\u017eeb, zaji\u0161\u0165ov\u00e1n\u00ed a podpora ml\u00e1de\u017enick\u00fdch sportovn\u00edch odd\u00edl\u016f.<\/p>\n<p>Koordina\u010dn\u00ed \u010dinnost p\u0159i zaji\u0161\u0165ov\u00e1n\u00ed sportovn\u00edho a kulturn\u00edho \u017eivota v oblasti Kru\u0161n\u00fdch hor, organizace sportovn\u00edch a kulturn\u00edch akc\u00ed.<\/p>\n\n<h4>Dopl\u0148kov\u00e1 \u010dinnost &#8211; vedlej\u0161\u00ed \u010dinnost:<\/h4>\n<p><strong>Reklamn\u00ed a propaga\u010dn\u00ed \u010dinnost<\/strong><\/p>\n<p>Poskytov\u00e1n\u00ed ubytov\u00e1n\u00ed<\/p>\n<p>Koup\u011b zbo\u017e\u00ed za \u00fa\u010delem jeho dal\u0161\u00edho prodeje a prodej (krom\u011b zbo\u017e\u00ed vyhr. v p\u0159\u00edl. \u010d. 1-3 z\u00e1k. \u010d. 455\/1991 Sb., o \u017eivnostensk\u00e9m podnik\u00e1n\u00ed).<\/p>\n\n<p><strong>Lidsk\u00e9 zdroje:<\/strong><\/p>\n<p style=\"text-align: justify;\">Spole\u010dnost nezam\u011bstn\u00e1vala \u017e\u00e1dn\u00e9ho zam\u011bstnance na hlavn\u00ed pracovn\u00ed pom\u011br. Zam\u011bstnanci jsou, vzhledem k sez\u00f3nn\u00edmu charakteru \u010dinnosti, p\u0159ij\u00edm\u00e1n\u00ed spole\u010dnost\u00ed v zimn\u00edm obdob\u00ed na kr\u00e1tkodob\u00e9 v\u00fdpomoci &#8211; dohody o proveden\u00ed pr\u00e1ce a pracovn\u00ed \u010dinnosti. Jedn\u00e1 se o obsluhy parkovi\u0161t\u011b, pokladen, ly\u017ea\u0159sk\u00fdch vlek\u016f, um\u011bl\u00e9ho zasn\u011b\u017eov\u00e1n\u00ed a stroj\u016f pro \u00fapravu sjezdov\u00fdch trat\u00ed. Celkov\u00e9 mzdov\u00e9 n\u00e1klady v\u010detn\u011b n\u00e1klad\u016f na soci\u00e1ln\u00ed a zdravotn\u00ed poji\u0161t\u011bn\u00ed \u010dinily 56 tis. K\u010d.<\/p>\n\n<p><strong>V\u00fdnosy podle zdroj\u016f<\/strong><\/p>\n<p>Spole\u010dnost v \u00fa\u010detn\u00edm obdob\u00ed dos\u00e1hla celkov\u00fdch v\u00fdnos\u016f 5.753 tis. K\u010d, kter\u00e9 byly dosa\u017eeny pouze z hlavn\u00ed \u010dinnosti. V\u00fdkaz zisku a ztr\u00e1ty je p\u0159\u00edlohou t\u00e9to zpr\u00e1vy.<\/p>\n\n<p><strong>Fondy spole\u010dnosti<\/strong><\/p>\n<p>Spole\u010dnost v uplynul\u00e9m obdob\u00ed obdob\u00ed tvo\u0159ila fondy ve v\u00fd\u0161i 157 tis. K\u010d.<\/p>\n\n<p><strong>Majetek a z\u00e1vazky spole\u010dnosti<\/strong><\/p>\n\n<p style=\"text-align: justify;\">K 31. 10. 2024 \u010dinilo vlastn\u00ed jm\u011bn\u00ed spole\u010dnosti 29.227 tis. K\u010d a skl\u00e1d\u00e1 se z majetkov\u00e9ho a pen\u011b\u017eit\u00e9ho vkladu zakladatel\u016f a z dotace na dlouhodob\u00fd majetek a p\u0159ijat\u00fdch finan\u010dn\u00edch a nepen\u011b\u017en\u00edch dar\u016f. V hospod\u00e1\u0159sk\u00e9m roce bylo sn\u00ed\u017eeno vlastn\u00ed jm\u011bn\u00ed o \u010d\u00e1stku 7.071 tis. K\u010d z d\u016fvodu pou\u017eit\u00ed dotac\u00ed a dar\u016f.<\/p>\n\n<p style=\"text-align: justify;\">Z\u00e1vazky jsou tvo\u0159eny kr\u00e1tkodob\u00fdmi z\u00e1vazky z obchodn\u00edho styku a z\u00e1vazk\u016f z titulu finan\u010dn\u00ed v\u00fdpomoci.<\/p>\n\n<p><strong>N\u00e1klady podle zdroj\u016f<\/strong><\/p>\n<p style=\"text-align: justify;\">N\u00e1klady spole\u010dnosti v \u00fa\u010detn\u00edm obdob\u00ed \u010dinily 5.753 tis. K\u010d, a to pouze na hlavn\u00ed \u010dinnost. N\u00e1klady na odm\u011bnu \u0159editele byly 0 K\u010d. \u010clen\u016fm spr\u00e1vn\u00ed a dozor\u010d\u00ed rady nebyla vyplacena \u017e\u00e1dn\u00e1 odm\u011bna. Viz v\u00fdkaz zisku a ztr\u00e1ty, kter\u00fd je p\u0159\u00edlohou t\u00e9to zpr\u00e1vy.<\/p>\n\n<p>V\u00fdsledek hospoda\u0159en\u00ed spole\u010dnosti je roven 0,- K\u010d.<\/p>\n\n<p style=\"text-align: justify;\">Vzhledem k faktu, \u017ee spole\u010dnost nebyla v \u00fa\u010detn\u00edm obdob\u00ed p\u0159\u00edjemcem dotace ze st\u00e1tn\u00edho rozpo\u010dtu, \u00fazemn\u00edho samospr\u00e1vn\u00e9ho celku nebo od st\u00e1tn\u00edho fondu, nebylo nutn\u00e9 \u00fa\u010detn\u00ed z\u00e1v\u011brky ov\u011b\u0159it auditorem ve smyslu \u00a7 19 odst. 2 z\u00e1kona \u010d. 248\/1995 Sb., o obecn\u011b prosp\u011b\u0161n\u00fdch spole\u010dnostech a o zm\u011bn\u011b n\u011bkter\u00fdch z\u00e1kon\u016f.<\/p>\n<p>&nbsp;<\/p>\n\n<h2>4. P\u0159\u00edlohy<\/h2>\n\n<ul>\n<li>Rozvaha ke dni 31.10.2024<\/li>\n<li>V\u00fdkaz zisku a ke dni 31.10.2024<\/li>\n<li>P\u0159\u00edloha k \u00fa\u010detn\u00ed z\u00e1v\u011brce 2023 &#8211; 2024<\/li>\n<\/ul>\n\n<p>V Mikulov\u011b dne 13.12.2024<\/p>\n\n<p>Bc. Jaroslav Andres &#8211; \u0159editel spole\u010dnosti<\/p>\n<p>&nbsp;<\/p>\n\n<ul>\n<li><a href=\"https:\/\/www.scbournak.cz\/wp-content\/uploads\/2025\/01\/scb-vyrocni-zprava-2023-2024.pdf\">St\u00e1hnout ve form\u00e1tu PDF<\/a><\/li><\/ul>\n\n<p>&nbsp;<\/p>\n\n\n\n<p>&nbsp;<\/p>\n","protected":false},"excerpt":{"rendered":"<p>Sport Centrum Bou\u0159\u0148\u00e1k z.\u00fa.K Vleku 54, 419 01 Mikulov Sport Centrum Bou\u0159\u0148\u00e1k z.\u00fa.V\u00fdro\u010dn\u00ed zpr\u00e1va obecn\u011b prosp\u011b\u0161n\u00e9 spole\u010dnosti Sezona 2023-2024 &nbsp; V Mikulov\u011b dne 13.12.2024 &nbsp; I\u010c: 25 41 91 61 Bankovn\u00ed spojen\u00ed: \u010d.\u00fa 123-7300520237 \/0100 Mail: info@scbournak.cz www.scbournak.cz &nbsp; V\u00fdro\u010dn\u00ed zpr\u00e1va obecn\u011b prosp\u011b\u0161n\u00e9 spole\u010dnosti Sport Centrum Bou\u0159\u0148\u00e1k z.\u00fa. za obdob\u00ed od 1.11.2023 do 31.10.2024 Sestaven\u00e1 [&hellip;]<\/p>\n","protected":false},"author":1,"featured_media":0,"parent":0,"menu_order":0,"comment_status":"closed","ping_status":"closed","template":"","meta":{"ngg_post_thumbnail":0},"_links":{"self":[{"href":"https:\/\/www.scbournak.cz\/index.php\/wp-json\/wp\/v2\/pages\/8921"}],"collection":[{"href":"https:\/\/www.scbournak.cz\/index.php\/wp-json\/wp\/v2\/pages"}],"about":[{"href":"https:\/\/www.scbournak.cz\/index.php\/wp-json\/wp\/v2\/types\/page"}],"author":[{"embeddable":true,"href":"https:\/\/www.scbournak.cz\/index.php\/wp-json\/wp\/v2\/users\/1"}],"replies":[{"embeddable":true,"href":"https:\/\/www.scbournak.cz\/index.php\/wp-json\/wp\/v2\/comments?post=8921"}],"version-history":[{"count":35,"href":"https:\/\/www.scbournak.cz\/index.php\/wp-json\/wp\/v2\/pages\/8921\/revisions"}],"predecessor-version":[{"id":10428,"href":"https:\/\/www.scbournak.cz\/index.php\/wp-json\/wp\/v2\/pages\/8921\/revisions\/10428"}],"wp:attachment":[{"href":"https:\/\/www.scbournak.cz\/index.php\/wp-json\/wp\/v2\/media?parent=8921"}],"curies":[{"name":"wp","href":"https:\/\/api.w.org\/{rel}","templated":true}]}}