{"id":8924,"date":"2020-11-22T13:10:40","date_gmt":"2020-11-22T11:10:40","guid":{"rendered":"http:\/\/scbournak2.propc.cz\/?page_id=8924"},"modified":"2022-12-13T22:32:56","modified_gmt":"2022-12-13T20:32:56","slug":"cenik","status":"publish","type":"page","link":"https:\/\/www.scbournak.cz\/index.php\/cenik\/","title":{"rendered":"Cen\u00edk"},"content":{"rendered":"\n<h2>Cen\u00edk \/ Price List<\/h2>\n\n\n\n<p><strong>(parkovn\u00e9 od n\u00e1v\u0161t\u011bvn\u00edk\u016f sportcentra nevyb\u00edr\u00e1me)<\/strong><\/p>\n\n\n\n<figure class=\"wp-block-table\"><table><tbody>\n<tr><td width=\"60%\" style=\"text-align: left;\"><span style=\"color: red;\"><strong>Z\u00c1KLADN\u00cd J\u00cdZDN\u00c9 \/ BASIC PRICE<\/strong><\/span><br>\n1 HODINA \/ 1 HOUR<br>\n2 HODINY \/ 2 HOURS<br>\n3 HODINY \/ 3 HOURS<br>\n5 HODIN \/ 5 HOURS<br>\n6 HODIN \/ 6 HOURS\n<\/td>\n<td width=\"40%\"><span style=\"color: red;\"><strong>JEDNOTN\u00c9 J\u00cdZDN\u00c9 \/ SINGLE PRICE<\/strong><\/span><br> 250,&#8211; K\u010d<br> 450,&#8211; K\u010d<br> 550,&#8211; K\u010d<br> 800,&#8211; K\u010d<br> 900,&#8211; K\u010d <\/td><\/tr>\n<tr><td style=\"text-align: left;\"><span style=\"color: red;\"><strong>CVI\u010cN\u00c1 LOUKA<\/strong><\/span> \u2013 LY\u017dA\u0158SK\u00dd VLEK \/ TA\u017dN\u00c9 LANO 1 DEN<br>\nTRAINING SLOPE \u2013 SKI LIFT \/ TOW ROPE 1 DAY\n<\/td><td>350,&#8211; K\u010d<\/td><\/tr>\n<tr><td style=\"text-align: left;\"><span style=\"color: red;\"><strong>VYU\u017dIT\u00cd SJEZDOV\u00ddCH TRAT\u00cd BEZ POU\u017dIT\u00cd VLEK\u016e<\/strong><\/span> \/ 1 DEN<br>\nUSE OF SKI SLOPES WITHOUT THE USE OF LIFTS 1 DAY\n<\/td><td>200,&#8211; K\u010d<\/td><\/tr>\n<tr><td style=\"text-align: left;\"><span style=\"color: red;\"><strong>VE\u010cERN\u00cd LY\u017dOV\u00c1N\u00cd<\/strong><\/span> \u2013 \u00daTER\u00dd A \u010cTVRTEK 18.00 \u2013 21.00<br>\nEVENING SKIING \u2013 TUESDAY AND THURSDAY 18.00 \u2013 21.00\n<\/td><td>550,&#8211; K\u010d<\/td><\/tr>\n<tr><td style=\"text-align: left;\"><span style=\"color: red;\"><strong>PROVOZN\u00cd DOBA ST\u0158EDISKA<\/strong><\/span> \/ OPENING HOURS OF THE SKI RESORT<br>\nPOND\u011aL\u00cd \u2013 NED\u011aLE \/ MONDAY \u2013 SUNDAY\n<\/td><td>09.00 \u2013 16.00<\/td><\/tr>\n<tr><td style=\"text-align: left;\"><span style=\"color: red;\"><strong>PROVOZN\u00cd DOBA POKLADEN<\/strong><\/span> \/ OPENING HOURS OF THE TICKET OFFICE<br>\nPOND\u011aL\u00cd \u2013 NED\u011aLE \/ MONDAY \u2013 SUNDAY\n<\/td><td>08.45 \u2013 16.15<\/td><\/tr>\n<tr><td colspan=\"2\">(ZM\u011aNY TERM\u00cdN\u016e VYHRAZENY, BUDOU UVEDENY NA WEBOV\u00ddCH STR\u00c1NK\u00c1CH A NA FACEBOOKOV\u00c9M PROFILU SPORTOVN\u00cdHO CENTRA BOU\u0158\u0147\u00c1K \/ CHANGES IN OPENING TIMES AND DATES WILL BE POSTED ON OUR WEBSITE AND FACEBOOK PAGE)<\/td><\/tr>\n<tr><td colspan=\"2\">\u0158EDITEL SPORTOVN\u00cdHO CENTRA BOU\u0158\u0147\u00c1K \/ MANAGER OF THE SPORT CENTRUM BOU\u0158\u0147\u00c1K:<br \/>\n             JAROSLAV ANDRES, EMAIL: JAROSLAV.ANDRES@SCBOURNAK.CZ<\/td><\/tr>\n<\/tbody><\/table><\/figure>\n\n\n\n<p><\/p>\n","protected":false},"excerpt":{"rendered":"<p>Cen\u00edk \/ Price List (parkovn\u00e9 od n\u00e1v\u0161t\u011bvn\u00edk\u016f sportcentra nevyb\u00edr\u00e1me) Z\u00c1KLADN\u00cd J\u00cdZDN\u00c9 \/ BASIC PRICE 1 HODINA \/ 1 HOUR 2 HODINY \/ 2 HOURS 3 HODINY \/ 3 HOURS 5 HODIN \/ 5 HOURS 6 HODIN \/ 6 HOURS JEDNOTN\u00c9 J\u00cdZDN\u00c9 \/ SINGLE PRICE 250,&#8211; K\u010d 450,&#8211; K\u010d 550,&#8211; K\u010d 800,&#8211; K\u010d 900,&#8211; K\u010d CVI\u010cN\u00c1 [&hellip;]<\/p>\n","protected":false},"author":1,"featured_media":0,"parent":0,"menu_order":0,"comment_status":"closed","ping_status":"closed","template":"","meta":{"ngg_post_thumbnail":0},"_links":{"self":[{"href":"https:\/\/www.scbournak.cz\/index.php\/wp-json\/wp\/v2\/pages\/8924"}],"collection":[{"href":"https:\/\/www.scbournak.cz\/index.php\/wp-json\/wp\/v2\/pages"}],"about":[{"href":"https:\/\/www.scbournak.cz\/index.php\/wp-json\/wp\/v2\/types\/page"}],"author":[{"embeddable":true,"href":"https:\/\/www.scbournak.cz\/index.php\/wp-json\/wp\/v2\/users\/1"}],"replies":[{"embeddable":true,"href":"https:\/\/www.scbournak.cz\/index.php\/wp-json\/wp\/v2\/comments?post=8924"}],"version-history":[{"count":27,"href":"https:\/\/www.scbournak.cz\/index.php\/wp-json\/wp\/v2\/pages\/8924\/revisions"}],"predecessor-version":[{"id":10002,"href":"https:\/\/www.scbournak.cz\/index.php\/wp-json\/wp\/v2\/pages\/8924\/revisions\/10002"}],"wp:attachment":[{"href":"https:\/\/www.scbournak.cz\/index.php\/wp-json\/wp\/v2\/media?parent=8924"}],"curies":[{"name":"wp","href":"https:\/\/api.w.org\/{rel}","templated":true}]}}